{"id":26766,"date":"2025-04-11T12:11:28","date_gmt":"2025-04-11T18:11:28","guid":{"rendered":"https:\/\/shop.modaclaus.com\/?post_type=product&#038;p=26766"},"modified":"2026-05-14T11:47:33","modified_gmt":"2026-05-14T17:47:33","slug":"playera-polo-para-maestra-garabatos","status":"publish","type":"product","link":"https:\/\/shop.modaclaus.com\/en\/playera-polo-para-maestra-garabatos\/","title":{"rendered":"Playera Polo para Maestra |  Mod. Garabatos"},"content":{"rendered":"<h3 style=\"text-align: left;\"><span style=\"color: #1f0b40;\">Tallas: Chica hasta 4XL<\/span><br \/>\n<span style=\"color: #1f0b40; font-size: 18px;\">Composici\u00f3n Tela:<\/span><\/h3>\n<div style=\"text-align: left;\">\n<ul>\n<li><span style=\"color: #1f0b40;\">Microfibra de tejido abierto, tela que transpira.<\/span><\/li>\n<li><span style=\"color: #1f0b40;\">Permite la circulaci\u00f3n de aire hacia tu piel, tu cuerpo siempre se mantendr\u00e1 fresco.<\/span><\/li>\n<li><span style=\"color: #1f0b40;\">\u00a070% Hilo viscoso suave 30% algod\u00f3n<\/span><\/li>\n<\/ul>\n<h5><span style=\"color: #1f0b40;\">Estampado:<\/span><\/h5>\n<p><span style=\"color: #1f0b40;\">Impreso al alto calor. Permite que puedas plancharlo de manera directa y este no perder\u00e1 su brillo y color.<\/span><\/p>\n<h5><span style=\"color: #1f0b40;\">Costuras:<\/span><\/h5>\n<p><span style=\"color: #1f0b40;\">La prenda se confecciona al 100% con hilo de algod\u00f3n. Permite mayor durabilidad al paso del tiempo.<\/span><\/p>\n<\/div>\n<h5 style=\"text-align: left;\"><span style=\"color: #1f0b40;\">Forma de lavado:<\/span><\/h5>\n<div><span style=\"color: #1f0b40;\">Podr\u00e1s lavarla diariamente y no perder\u00e1 su color o forma.<\/span><\/div>\n<div style=\"text-align: left;\"><span style=\"color: #1f0b40;\">No usar m\u00e1quina secadora de gas.<\/span><\/div>\n<div><\/div>\n<p><strong>Cuidado de tu Elegante <a href=\"https:\/\/shop.modaclaus.com\/en\/playeras-para-maestras\/\">Playera para Maestra Polo<\/a>: \ud83c\udf1e\ud83d\udc55<\/strong><\/p>\n<p>\u00a1Queremos que tu nueva playera para maestra luzca impecable siempre! Sigue estos consejos:<\/p>\n<ol>\n<li><strong>Secado al Aire Libre:<\/strong> Despu\u00e9s de lavarla, deja que tu playera se seque naturalmente al aire libre. Esto prolongar\u00e1 la vida de las fibras y mantendr\u00e1 la frescura de la prenda.<\/li>\n<li><strong>Voltea la Playera:<\/strong> Al tenderla, aseg\u00farate de voltear la playera. As\u00ed, la luz del sol no impactar\u00e1 directamente en el estampado, manteniendo la intensidad de los colores por m\u00e1s tiempo.<\/li>\n<\/ol>\n<p>Con estos simples pasos, \u00a1tu playera estar\u00e1 lista para destacar con estilo en cada ocasi\u00f3n! \ud83c\udf08\u2728 <strong>\u00a1Gracias por elegir Claus!<\/strong><\/p>","protected":false},"excerpt":{"rendered":"<div style=\"background-color: #fbefff; color: #d2008f; padding: 6px 12px; font-weight: bold; border-radius: 8px; border: 2px solid #f3a8da; display: inline-block; font-size: 14px; margin-bottom: 10px; text-transform: uppercase;\">\ud83d\udcc5 <strong>DISPONIBLE EL 23 MAYO<\/strong><\/div>\n<div style=\"font-family: 'Helvetica Neue', sans-serif; color: #352647; line-height: 1.6; font-size: 15px;\">\n<p style=\"text-align: left;\"><strong>Cod.:<\/strong> PG001<br \/>\n<strong>Tallas:<\/strong> Chica hasta 4X<\/p>\n<p style=\"text-align: left;\"><strong style=\"color: #352647;\">\u00a1Edici\u00f3n limitada!<\/strong><br \/>\nDise\u00f1ado para maestras con identidad educativa.<\/p>\n<h3 style=\"color: #e6399b; margin-top: 25px; text-align: left;\">Modelo: Garabatos<\/h3>\n<p style=\"text-align: left;\">Colores, palabras y s\u00edmbolos que celebran el juego, la imaginaci\u00f3n y el aprendizaje.<br \/>\nCreado para maestras que ense\u00f1an con alegr\u00eda, crayones y vocaci\u00f3n.<br \/>\n<em>Un universo infantil en cada puntada.<\/em><\/p>\n<div style=\"background-color: #faedfb; padding: 10px; border-left: 4px solid #e6399b; margin-top: 20px; text-align: left;\">\n<p style=\"margin: 0;\"><strong style=\"color: #352647;\">IMPORTANTE:<\/strong><br \/>\nPor favor, mire la <strong>GU\u00cdA DE TALLAS<\/strong> para asegurar que la prenda le quede justo a la medida.<\/p>\n<\/div>\n<\/div>","protected":false},"featured_media":28908,"comment_status":"open","ping_status":"closed","template":"","meta":{"_joinchat":{"message_text":"\u00bfLista para lucir incre\u00edble con tu nueva Polo Claus?","message_send":"\u00a1Hola! Requiero de tu apoyo, estoy viendo este modelo {PRODUCT}"}},"product_brand":[],"product_cat":[113],"product_tag":[],"class_list":{"0":"post-26766","1":"product","2":"type-product","3":"status-publish","4":"has-post-thumbnail","6":"product_cat-playeras","8":"first","9":"instock","10":"taxable","11":"shipping-taxable","12":"purchasable","13":"product-type-variable","14":"has-default-attributes"},"_links":{"self":[{"href":"https:\/\/shop.modaclaus.com\/en\/wp-json\/wp\/v2\/product\/26766","targetHints":{"allow":["GET"]}}],"collection":[{"href":"https:\/\/shop.modaclaus.com\/en\/wp-json\/wp\/v2\/product"}],"about":[{"href":"https:\/\/shop.modaclaus.com\/en\/wp-json\/wp\/v2\/types\/product"}],"replies":[{"embeddable":true,"href":"https:\/\/shop.modaclaus.com\/en\/wp-json\/wp\/v2\/comments?post=26766"}],"version-history":[{"count":6,"href":"https:\/\/shop.modaclaus.com\/en\/wp-json\/wp\/v2\/product\/26766\/revisions"}],"predecessor-version":[{"id":27024,"href":"https:\/\/shop.modaclaus.com\/en\/wp-json\/wp\/v2\/product\/26766\/revisions\/27024"}],"wp:featuredmedia":[{"embeddable":true,"href":"https:\/\/shop.modaclaus.com\/en\/wp-json\/wp\/v2\/media\/28908"}],"wp:attachment":[{"href":"https:\/\/shop.modaclaus.com\/en\/wp-json\/wp\/v2\/media?parent=26766"}],"wp:term":[{"taxonomy":"product_brand","embeddable":true,"href":"https:\/\/shop.modaclaus.com\/en\/wp-json\/wp\/v2\/product_brand?post=26766"},{"taxonomy":"product_cat","embeddable":true,"href":"https:\/\/shop.modaclaus.com\/en\/wp-json\/wp\/v2\/product_cat?post=26766"},{"taxonomy":"product_tag","embeddable":true,"href":"https:\/\/shop.modaclaus.com\/en\/wp-json\/wp\/v2\/product_tag?post=26766"}],"curies":[{"name":"wp","href":"https:\/\/api.w.org\/{rel}","templated":true}]}}