{"id":26156,"date":"2025-01-06T17:12:50","date_gmt":"2025-01-06T23:12:50","guid":{"rendered":"https:\/\/shop.modaclaus.com\/?post_type=product&#038;p=26156"},"modified":"2025-08-13T10:47:55","modified_gmt":"2025-08-13T16:47:55","slug":"outlet-playera-tipo-polo-felicidad","status":"publish","type":"product","link":"https:\/\/shop.modaclaus.com\/en\/outlet-playera-tipo-polo-felicidad\/","title":{"rendered":"OUTLET Playera para Maestra | Tipo Polo | Mod.Felicidad"},"content":{"rendered":"<h3 style=\"text-align: left;\"><span style=\"color: #1f0b40;\">Tallas: Chica hasta 4XL<\/span><br \/>\n<span style=\"color: #1f0b40;\">(Molde talla &#8220;Mujer latina&#8221;)<\/span><\/h3>\n<div style=\"text-align: left;\">\n<h4><span style=\"color: #1f0b40;\">Composici\u00f3n Tela:<\/span><\/h4>\n<ul>\n<li><span style=\"color: #1f0b40;\">Microfibra de tejido abierto, tela que transpira.<\/span><\/li>\n<li><span style=\"color: #1f0b40;\">Permite la circulaci\u00f3n de aire hacia tu piel, tu cuerpo siempre se mantendr\u00e1 fresco.<\/span><\/li>\n<li><span style=\"color: #1f0b40;\">\u00a070% Hilo viscoso suave 30% algod\u00f3n<\/span><\/li>\n<\/ul>\n<h5><span style=\"color: #1f0b40;\">Estampado:<\/span><\/h5>\n<p><span style=\"color: #1f0b40;\">Impreso al alto calor. Permite que puedas plancharlo de manera directa y este no perder\u00e1 su brillo y color.<\/span><\/p>\n<h5><span style=\"color: #1f0b40;\">Costuras:<\/span><\/h5>\n<p><span style=\"color: #1f0b40;\">La prenda se confecciona al 100% con hilo de algod\u00f3n. Permite mayor durabilidad al paso del tiempo.<\/span><\/p>\n<\/div>\n<h5 style=\"text-align: left;\"><span style=\"color: #1f0b40;\">Forma de lavado:<\/span><\/h5>\n<div><span style=\"color: #1f0b40;\">Podr\u00e1s lavarla diariamente y no perder\u00e1 su color o forma.<\/span><\/div>\n<div style=\"text-align: left;\"><span style=\"color: #1f0b40;\">No usar m\u00e1quina secadora de gas.<\/span><\/div>\n<div><\/div>\n<p><strong>Cuidado de tu Elegante <a href=\"https:\/\/shop.modaclaus.com\/en\/playeras-para-maestras\/\">Playera para Maestra Polo<\/a>: \ud83c\udf1e\ud83d\udc55<\/strong><\/p>\n<p>\u00a1Queremos que tu nueva playera para maestra luzca impecable siempre! Sigue estos consejos:<\/p>\n<ol>\n<li><strong>Secado al Aire Libre:<\/strong> Despu\u00e9s de lavarla, deja que tu playera se seque naturalmente al aire libre. Esto prolongar\u00e1 la vida de las fibras y mantendr\u00e1 la frescura de la prenda.<\/li>\n<li><strong>Voltea la Playera:<\/strong> Al tenderla, aseg\u00farate de voltear la playera. As\u00ed, la luz del sol no impactar\u00e1 directamente en el estampado, manteniendo la intensidad de los colores por m\u00e1s tiempo.<\/li>\n<\/ol>\n<p>Con estos simples pasos, \u00a1tu playera estar\u00e1 lista para destacar con estilo en cada ocasi\u00f3n! \ud83c\udf08\u2728 <strong>\u00a1Gracias por elegir Claus!<\/strong><\/p>","protected":false},"excerpt":{"rendered":"<h3 style=\"text-align: left;\"><span style=\"color: #ff0000;\">OUTLET<\/span><\/h3>\n<h3 style=\"text-align: left;\"><span style=\"color: #260d4a;\">Cod. PF001<\/span><br \/>\n<span style=\"color: #260d4a;\">Tallas: Chica hasta 4XL<\/span><br \/>\n<span style=\"color: #260d4a;\">(Molde talla &#8220;Mujer latina&#8221;)<\/span><\/h3>\n<div style=\"text-align: left;\">\n<p><strong>\u00bfTe encantan las plantas?<\/strong><br \/>\nCon nuestra nueva l\u00ednea de ropa<strong> \u201cGreen\u201d,<\/strong> podr\u00e1s mostrar tu amor por la naturaleza mientras te ves elegante y moderna.<\/p>\n<\/div>\n<div style=\"text-align: left;\">Entre colores pasteles y bellas plantas, dise\u00f1amos una playera que a simple vista muestra tranquilidad, paz y por supuesto mucho amor.<\/div>\n<div style=\"text-align: left;\">\n<p>Dese\u00e1bamos hacer algo diferente para ti y el resultado fue crear esta nueva l\u00ednea de Playeras Polo &#8220;Claus Green&#8221;.<\/p>\n<p>Estamos convencidas de que al llevarla puesta, llamar\u00e1s la atenci\u00f3n de cualquier persona y por supuesto\u2026 \u00a1De todos tus alumnos y alumnas!<\/p>\n<\/div>\n<div style=\"text-align: left;\"><\/div>\n<div style=\"text-align: left;\">Tonos pasteles que dar\u00e1n mucha armon\u00eda a tu look.<\/div>\n<div style=\"text-align: left;\">\u00a1No esperes m\u00e1s para lucir tu lado amoroso y natural con nuestra nueva l\u00ednea de ropa \u201cGreen\u201d!<\/div>\n<div style=\"text-align: left;\"><\/div>\n<div style=\"text-align: left;\">\n<p><span style=\"color: #260d4a;\">Los <a style=\"color: #260d4a;\" href=\"https:\/\/shop.modaclaus.com\/en\/playeras-para-maestras\/\"><b>d<\/b><b>ise\u00f1os de playeras para maestras de preescolar<\/b><\/a> o primaria que fabricamos para ti, siempre har\u00e1n juego con tu estilo de trabajo.<\/span><\/p>\n<p>&nbsp;<\/p>\n<\/div>\n<div>\n<h5 style=\"text-align: left;\"><span style=\"color: #260d4a;\">IMPORTANTE:<\/span><br \/>\n<span style=\"color: #260d4a;\">Por favor, mira la GU\u00cdA DE TALLAS.<\/span><br \/>\n<span style=\"color: #260d4a;\">As\u00ed podr\u00e1s asegurar que la prenda te quede justo a la medida.<\/span><\/h5>\n<div>\n<p style=\"text-align: left;\"><span style=\"color: #260d4a;\"><strong>Altura de la modelo: 1.74 m<br \/>\nTalla: Mediana<br \/>\nCintura: 7<\/strong><\/span><\/p>\n<\/div>\n<\/div>","protected":false},"featured_media":19775,"comment_status":"open","ping_status":"closed","template":"","meta":{"_joinchat":{"message_text":"\u00a1\u00bfLista para lucir incre\u00edble con tu nueva Polo Claus?","message_send":"\u00a1Hola! Requiero de tu apoyo, estoy viendo este modelo {PRODUCT}"}},"product_brand":[],"product_cat":[131],"product_tag":[],"class_list":{"0":"post-26156","1":"product","2":"type-product","3":"status-publish","4":"has-post-thumbnail","6":"product_cat-outlet","8":"first","9":"instock","10":"sale","11":"taxable","12":"shipping-taxable","13":"purchasable","14":"product-type-variable","15":"has-default-attributes"},"_links":{"self":[{"href":"https:\/\/shop.modaclaus.com\/en\/wp-json\/wp\/v2\/product\/26156","targetHints":{"allow":["GET"]}}],"collection":[{"href":"https:\/\/shop.modaclaus.com\/en\/wp-json\/wp\/v2\/product"}],"about":[{"href":"https:\/\/shop.modaclaus.com\/en\/wp-json\/wp\/v2\/types\/product"}],"replies":[{"embeddable":true,"href":"https:\/\/shop.modaclaus.com\/en\/wp-json\/wp\/v2\/comments?post=26156"}],"version-history":[{"count":0,"href":"https:\/\/shop.modaclaus.com\/en\/wp-json\/wp\/v2\/product\/26156\/revisions"}],"wp:featuredmedia":[{"embeddable":true,"href":"https:\/\/shop.modaclaus.com\/en\/wp-json\/wp\/v2\/media\/19775"}],"wp:attachment":[{"href":"https:\/\/shop.modaclaus.com\/en\/wp-json\/wp\/v2\/media?parent=26156"}],"wp:term":[{"taxonomy":"product_brand","embeddable":true,"href":"https:\/\/shop.modaclaus.com\/en\/wp-json\/wp\/v2\/product_brand?post=26156"},{"taxonomy":"product_cat","embeddable":true,"href":"https:\/\/shop.modaclaus.com\/en\/wp-json\/wp\/v2\/product_cat?post=26156"},{"taxonomy":"product_tag","embeddable":true,"href":"https:\/\/shop.modaclaus.com\/en\/wp-json\/wp\/v2\/product_tag?post=26156"}],"curies":[{"name":"wp","href":"https:\/\/api.w.org\/{rel}","templated":true}]}}