{"id":19826,"date":"2023-07-19T18:41:37","date_gmt":"2023-07-20T00:41:37","guid":{"rendered":"https:\/\/shop.modaclaus.com\/?post_type=product&#038;p=19826"},"modified":"2026-02-17T19:14:33","modified_gmt":"2026-02-18T01:14:33","slug":"blusas-para-maestras-preescolar","status":"publish","type":"product","link":"https:\/\/shop.modaclaus.com\/en\/blusas\/blusas-para-maestras-preescolar\/","title":{"rendered":"Blusas para Maestras Mod. Preescolar"},"content":{"rendered":"<p><strong>Caracter\u00edsticas:<\/strong><\/p>\n<p>Tela Spandex : 90% Poli\u00e9ster 10% Elastano<br \/>\nTejido ligero<br \/>\nFondo color blanco con estampado<br \/>\nPeso total: 320 grs.<br \/>\nIncluye: Pr\u00e1ctico morralito \/ 2 donas para sujetar tu pelo.<\/p>\n<p><strong>Usos y cuidados:<\/strong><br \/>\nLavar a mano o lavadora.<br \/>\nSecado al aire o lavadora (no maquina de secado con calor).<br \/>\nPlancha temperatura media.<br \/>\nNo usar cloro.<\/p>","protected":false},"excerpt":{"rendered":"<h2 style=\"text-align: left;\"><strong>Blusas para Maestras<\/strong><\/h2>\n<p style=\"text-align: left;\"><strong>Modelo: PREESCOLAR<\/strong><\/p>\n<p style=\"text-align: left;\">Pi\u00e9nsalo de esta manera: tu ropa es una extensi\u00f3n de tu personalidad y tu compromiso con la ense\u00f1anza. Al elegir alguna de nuestras <strong>Blusas de Maestras<\/strong>, est\u00e1s invirtiendo en una prenda de calidad que no solo te har\u00e1 sentir confiada y empoderada, sino que tambi\u00e9n enviar\u00e1 un mensaje claro a tus alumnos, colegas y padres de familia.<\/p>\n<p style=\"text-align: left;\"><strong>Comodidad superior:<\/strong> Nuestra blusa est\u00e1 confeccionada con una tela Spandex ligera que combina un 90% de poli\u00e9ster y un 10% de elastano. Esto significa que la blusa se ajustar\u00e1 a tu cuerpo de manera perfecta, brind\u00e1ndote una sensaci\u00f3n de comodidad excepcional durante todo el d\u00eda.<\/p>\n<p style=\"text-align: left;\"><strong>Frescura en cualquier clima:<\/strong> Gracias a su tejido ligero y transpirable, nuestra blusa permite que el aire ambiente refresque tu piel, manteni\u00e9ndote fresca y c\u00f3moda incluso en los d\u00edas m\u00e1s calurosos.<\/p>\n<p style=\"text-align: left;\"><strong>F\u00e1cil cuidado:<\/strong> Sabemos que tu tiempo es valioso, por eso hemos dise\u00f1ado nuestra blusa para que sea f\u00e1cil de lavar y de planchar. Adem\u00e1s, el estampado se mantiene intacto, permiti\u00e9ndote planchar directamente sobre la tela sin preocuparte por da\u00f1arlo.<\/p>\n<p style=\"text-align: left;\"><strong>Durabilidad y calidad:<\/strong> La confecci\u00f3n de nuestra blusa se realiza con atenci\u00f3n a los detalles y acabados elegantes, asegurando que tengas una prenda duradera que mantendr\u00e1 su forma y rigidez incluso despu\u00e9s de lavados frecuentes.<\/p>\n<p style=\"text-align: left;\"><strong>Botones de repuesto:<\/strong> Incluimos botones extra de repuesto con cada blusa, para que puedas reemplazarlos f\u00e1cilmente en caso de que sea necesario, sin tener que preocuparte por encontrar botones adecuados.<\/p>\n<p style=\"text-align: left;\"><strong>Empaque individual:<\/strong> Cada blusa se entrega en un empaque individual pr\u00e1ctico, lo cual te facilitar\u00e1 llevarla contigo en tu d\u00eda a d\u00eda, protegi\u00e9ndola de manchas o arrugas adicionales.<\/p>\n<p style=\"text-align: left;\"><strong>Toque de estilo adicional:<\/strong> Como un bono adicional, incluimos dos donas para sujetar tu pelo, brind\u00e1ndote un accesorio pr\u00e1ctico y funcional que complementar\u00e1 tu apariencia profesional.<\/p>\n<p style=\"text-align: left;\">Con estas caracter\u00edsticas, nuestra<strong> blusa para educadora<\/strong> se convierte en la elecci\u00f3n perfecta para una educadora como t\u00fa. Te brindar\u00e1 comodidad, estilo y durabilidad, permiti\u00e9ndote centrarte en tu labor educativa sin preocuparte por tu vestimenta.<\/p>\n<p>Es cierto que nuestras <strong>Blusas de Maestras de Primaria<\/strong> tienen un valor, pero ese valor no se compara con los beneficios que obtendr\u00e1s al llevarlas puestas.<\/p>\n<p>Ampliamos tallas, ahora desde: Chica hasta 4XL<\/p>\n<p>Modelo:<br \/>\nEstatura: 1.65 mts<br \/>\nTalla: 7 (pantal\u00f3n)<br \/>\n<em>*Referencia: la modelo en la foto usa Blusa Talla Mediana<\/em><\/p>","protected":false},"featured_media":19829,"comment_status":"open","ping_status":"closed","template":"","meta":{"_joinchat":[]},"product_brand":[],"product_cat":[146,111,125,112],"product_tag":[],"class_list":{"0":"post-19826","1":"product","2":"type-product","3":"status-publish","4":"has-post-thumbnail","6":"product_cat-blusas","7":"product_cat-educadora","8":"product_cat-estampada","9":"product_cat-maestra","11":"first","12":"instock","13":"taxable","14":"shipping-taxable","15":"purchasable","16":"product-type-variable"},"_links":{"self":[{"href":"https:\/\/shop.modaclaus.com\/en\/wp-json\/wp\/v2\/product\/19826","targetHints":{"allow":["GET"]}}],"collection":[{"href":"https:\/\/shop.modaclaus.com\/en\/wp-json\/wp\/v2\/product"}],"about":[{"href":"https:\/\/shop.modaclaus.com\/en\/wp-json\/wp\/v2\/types\/product"}],"replies":[{"embeddable":true,"href":"https:\/\/shop.modaclaus.com\/en\/wp-json\/wp\/v2\/comments?post=19826"}],"version-history":[{"count":1,"href":"https:\/\/shop.modaclaus.com\/en\/wp-json\/wp\/v2\/product\/19826\/revisions"}],"predecessor-version":[{"id":26658,"href":"https:\/\/shop.modaclaus.com\/en\/wp-json\/wp\/v2\/product\/19826\/revisions\/26658"}],"wp:featuredmedia":[{"embeddable":true,"href":"https:\/\/shop.modaclaus.com\/en\/wp-json\/wp\/v2\/media\/19829"}],"wp:attachment":[{"href":"https:\/\/shop.modaclaus.com\/en\/wp-json\/wp\/v2\/media?parent=19826"}],"wp:term":[{"taxonomy":"product_brand","embeddable":true,"href":"https:\/\/shop.modaclaus.com\/en\/wp-json\/wp\/v2\/product_brand?post=19826"},{"taxonomy":"product_cat","embeddable":true,"href":"https:\/\/shop.modaclaus.com\/en\/wp-json\/wp\/v2\/product_cat?post=19826"},{"taxonomy":"product_tag","embeddable":true,"href":"https:\/\/shop.modaclaus.com\/en\/wp-json\/wp\/v2\/product_tag?post=19826"}],"curies":[{"name":"wp","href":"https:\/\/api.w.org\/{rel}","templated":true}]}}