{"id":19805,"date":"2023-07-12T15:27:30","date_gmt":"2023-07-12T21:27:30","guid":{"rendered":"https:\/\/shop.modaclaus.com\/?post_type=product&#038;p=19805"},"modified":"2026-02-20T09:46:35","modified_gmt":"2026-02-20T15:46:35","slug":"mandil-clasico","status":"publish","type":"product","link":"https:\/\/shop.modaclaus.com\/en\/mandil-clasico\/","title":{"rendered":"Mandil Cl\u00e1sica C01"},"content":{"rendered":"<ul>\n<li>Talla: Unitalla.<\/li>\n<li style=\"text-align: left;\">Tirante: <b><i>Este modelo no lleva tirantes.<\/i><\/b> La solapa cubre desde la base de tu cuello, al inicio de tu hombro.<\/li>\n<li style=\"text-align: left;\">Color:\u00a0 Gris Oxford \/ Gris Claro<\/li>\n<li style=\"text-align: left;\">Incluye: Empaque individual | Morralito.<\/li>\n<li style=\"text-align: left;\">Cintas: 4 Jaretas (Cintas) Que permiten que la prenda se ajuste perfecto a tu cintura.<\/li>\n<li style=\"text-align: left;\">Bolsas:<br \/>\n1 Bolsa exterior amplia (doble carta)<br \/>\n1 Bolsa interior para celular con tapa.<br \/>\n1 Bolsa interior con tapa, para llaves o monedas.<\/li>\n<li style=\"text-align: left;\">Bot\u00f3n de seguridad.\u00a0 Nada se escapa de tu bolsa o bien, ninguna manita podr\u00e1 entrar f\u00e1cilmente sin que te des cuenta.<\/li>\n<\/ul>\n<p><strong>Nota:\u00a0<\/strong><\/p>\n<ul>\n<li><strong>Todos los modelos que fabricamos, est\u00e1n dise\u00f1ados con un largo de cuerpo, que permite a la prenda llegar a 5 cm antes del inicio de la rodilla.<\/strong><\/li>\n<li><strong>Se ajust\u00f3 a una altura promedio de mujeres mexicanas, que es entre 1.50 y 1.65 m de altura.<\/strong><\/li>\n<\/ul>\n<p><strong><em>(Si t\u00fa tienes la dicha de medir m\u00e1s de 1.65 m y deseas que la prenda llegue 5 cm antes de tu rodilla, es necesario nos contactes para fabricarte la prenda a una medida m\u00e1s larga).<\/em><\/strong><\/p>\n<p>&nbsp;<\/p>\n<p>Esta secci\u00f3n puede ser de tu inter\u00e9s:<\/p>\n<h1><a href=\"https:\/\/shop.modaclaus.com\/en\/\">Uniformes para Maestras<\/a><\/h1>","protected":false},"excerpt":{"rendered":"<h4 style=\"text-align: left;\">Cod.C01<br \/>\nUNITALLA<br \/>\nModelo: Cl\u00e1sica<\/h4>\n<div style=\"text-align: left;\">\n<p style=\"text-align: left;\"><strong>Nueva combinaci\u00f3n de color.<\/strong><\/p>\n<p>Modelo Cl\u00e1sico: Es la elecci\u00f3n perfecta para una maestra que busca transmitir una imagen de autoridad, profesionalismo y elegancia frente a sus alumnos.<br \/>\nEn un entorno educativo, la forma en que nos presentamos es crucial, ya que los ni\u00f1os y j\u00f3venes est\u00e1n constantemente absorbiendo informaci\u00f3n y tomando referencias de su entorno. Es por eso que un aspecto cuidado y refinado puede tener un impacto positivo en su desarrollo y percepci\u00f3n.<\/p>\n<p>Por \u00faltimo, el estilo cl\u00e1sico en vestir demuestra una dedicaci\u00f3n y compromiso con el propio trabajo.<br \/>\nAl invertir tiempo y atenci\u00f3n en su apariencia, una maestra transmite el mensaje de que valora su profesi\u00f3n y se esfuerza por brindar una educaci\u00f3n de calidad. Los estudiantes captan esta dedicaci\u00f3n y pueden sentirse m\u00e1s motivados a alcanzar sus metas acad\u00e9micas.<\/p>\n<div style=\"text-align: left;\"><\/div>\n<\/div>\n<div style=\"text-align: left;\">\n<p><a href=\"https:\/\/shop.modaclaus.com\/en\/\"><strong>Uniformes para docentes<\/strong><\/a> con identidad y elegancia.<\/p>\n<\/div>\n<div style=\"text-align: left;\"><\/div>\n<div style=\"text-align: left;\"><strong>Altura de la modelo: 1.76 m<\/strong><\/div>\n<div>\n<p style=\"text-align: left;\"><strong>Talla de cintura: 7<\/strong><\/p>\n<p>&nbsp;<\/p>\n<p style=\"text-align: left;\"><strong>Esta prenda la puedes adquirir:<\/strong><br \/>\n<strong>-Pagando a meses sin intereses (desde 6 hasta 12)<\/strong><\/p>\n<\/div>","protected":false},"featured_media":24232,"comment_status":"open","ping_status":"closed","template":"","meta":{"_joinchat":[]},"product_brand":[],"product_cat":[112,123,111,110,126],"product_tag":[],"class_list":{"0":"post-19805","1":"product","2":"type-product","3":"status-publish","4":"has-post-thumbnail","6":"product_cat-maestra","7":"product_cat-color-gris","8":"product_cat-educadora","9":"product_cat-mandil","10":"product_cat-sin-estampado","12":"first","13":"instock","14":"taxable","15":"shipping-taxable","16":"purchasable","17":"product-type-simple"},"_links":{"self":[{"href":"https:\/\/shop.modaclaus.com\/en\/wp-json\/wp\/v2\/product\/19805","targetHints":{"allow":["GET"]}}],"collection":[{"href":"https:\/\/shop.modaclaus.com\/en\/wp-json\/wp\/v2\/product"}],"about":[{"href":"https:\/\/shop.modaclaus.com\/en\/wp-json\/wp\/v2\/types\/product"}],"replies":[{"embeddable":true,"href":"https:\/\/shop.modaclaus.com\/en\/wp-json\/wp\/v2\/comments?post=19805"}],"version-history":[{"count":0,"href":"https:\/\/shop.modaclaus.com\/en\/wp-json\/wp\/v2\/product\/19805\/revisions"}],"wp:featuredmedia":[{"embeddable":true,"href":"https:\/\/shop.modaclaus.com\/en\/wp-json\/wp\/v2\/media\/24232"}],"wp:attachment":[{"href":"https:\/\/shop.modaclaus.com\/en\/wp-json\/wp\/v2\/media?parent=19805"}],"wp:term":[{"taxonomy":"product_brand","embeddable":true,"href":"https:\/\/shop.modaclaus.com\/en\/wp-json\/wp\/v2\/product_brand?post=19805"},{"taxonomy":"product_cat","embeddable":true,"href":"https:\/\/shop.modaclaus.com\/en\/wp-json\/wp\/v2\/product_cat?post=19805"},{"taxonomy":"product_tag","embeddable":true,"href":"https:\/\/shop.modaclaus.com\/en\/wp-json\/wp\/v2\/product_tag?post=19805"}],"curies":[{"name":"wp","href":"https:\/\/api.w.org\/{rel}","templated":true}]}}