{"id":19570,"date":"2023-06-15T11:47:09","date_gmt":"2023-06-15T17:47:09","guid":{"rendered":"https:\/\/shop.modaclaus.com\/?post_type=product&#038;p=19570"},"modified":"2026-04-14T14:44:49","modified_gmt":"2026-04-14T20:44:49","slug":"lino-mandil-generosa","status":"publish","type":"product","link":"https:\/\/shop.modaclaus.com\/en\/maestra\/lino-mandil-generosa\/","title":{"rendered":"Mandil Generosa LN-01 LINO"},"content":{"rendered":"<ul>\n<li>Talla: Unitalla.<\/li>\n<li style=\"text-align: left;\">Tirante: <b><i>Este modelo no lleva tirantes.<\/i><\/b> La solapa cubre desde la base de tu cuello, al inicio de tu hombro.<\/li>\n<li style=\"text-align: left;\">Color:\u00a0 Azul marino, con vivos en rojo cereza.<\/li>\n<li style=\"text-align: left;\">Incluye: Empaque individual | Morralito.<\/li>\n<li style=\"text-align: left;\">Cintas: 4 Jaretas (Cintas) Que permiten que la prenda se ajuste perfecto a tu cintura.<\/li>\n<li style=\"text-align: left;\">Bolsas:<br \/>\n1 Bolsa exterior amplia (doble carta)<br \/>\n1 Bolsa interior para celular con tapa.<br \/>\n1 Bolsa interior con tapa, para llaves o monedas.<\/li>\n<li style=\"text-align: left;\">Bot\u00f3n de seguridad.\u00a0 Nada se escapa de tu bolsa o bien, ninguna manita podr\u00e1 entrar f\u00e1cilmente sin que te des cuenta.<\/li>\n<\/ul>\n<p><strong>Nota:\u00a0<\/strong><\/p>\n<ul>\n<li><strong>Todos los modelos que fabricamos, est\u00e1n dise\u00f1ados con un largo de cuerpo, que permite a la prenda llegar a 5 cm antes del inicio de la rodilla.<\/strong><\/li>\n<li><strong>Se ajust\u00f3 a una altura promedio de mujeres mexicanas, que es entre 1.50 y 1.65 m de altura.<\/strong><\/li>\n<\/ul>\n<p><strong><em>(Si t\u00fa tienes la dicha de medir m\u00e1s de 1.65 m y deseas que la prenda llegue 5 cm antes de tu rodilla, es necesario nos contactes para fabricarte la prenda a una medida m\u00e1s larga).<\/em><\/strong><\/p>\n<p>&nbsp;<\/p>\n<p>Esta secci\u00f3n puede ser de tu inter\u00e9s:<\/p>\n<h1><a href=\"https:\/\/shop.modaclaus.com\/en\/\">Uniformes para profesoras<\/a><\/h1>","protected":false},"excerpt":{"rendered":"<h4 style=\"text-align: left;\"><span style=\"color: #288a27;\">100 % TELA DE LINO<\/span><br \/>\nCod.LN01<br \/>\nUNITALLA<br \/>\n<span style=\"color: #271a47;\">Peso: 200 grs.<\/span><\/h4>\n<div style=\"text-align: left;\"><\/div>\n<div style=\"text-align: left;\">\n<p>\u00a1Descubre la nueva Claus, dise\u00f1ada especialmente para brindarte comodidad y frescura como nunca antes!<br \/>\nHemos creado esta <a href=\"https:\/\/shop.modaclaus.com\/en\/batas\/\">bata para maestra<\/a> con un material de alta calidad: <strong>100% algod\u00f3n que se transforma en una tela \u00fanica: el LINO.<\/strong><\/p>\n<p>&nbsp;<\/p>\n<p><strong>Imagina vivir en la costa, en una zona des\u00e9rtica o con alta humedad, y siempre poder mantener la frescura en tu piel.<\/strong><br \/>\nCon nuestra <a href=\"https:\/\/shop.modaclaus.com\/en\/batas\/batas-para-educadoras\/\">bata para educadora<\/a> de Lino, eso es posible. Esta tela innovadora permite que el <strong>aire fluya constantemente<\/strong>, tocando suavemente tu piel y brind\u00e1ndote una sensaci\u00f3n de frescor inigualable.<\/p>\n<p>Adem\u00e1s de su comodidad excepcional, el <a href=\"https:\/\/shop.modaclaus.com\/en\/mandiles\/mandil-para-maestra\/\">mandil para maestra<\/a> Claus est\u00e1 dise\u00f1ada con estilo y elegancia. Sus detalles cuidadosamente confeccionados le dan un toque sofisticado, <strong>sin sacrificar la practicidad que necesitas en tu d\u00eda a d\u00eda.<\/strong><\/p>\n<p>No esperes m\u00e1s para experimentar la diferencia que el NUEVO <a href=\"https:\/\/shop.modaclaus.com\/en\/mandiles\/mandil-para-educadora\/\">mandil para educadora<\/a> Claus puede hacer en tu vida profesional.<br \/>\n<strong>Si\u00e9ntete fresca, c\u00f3moda y llena de energ\u00eda para cumplir con tu labor docente de la mejor manera posible<\/strong>.<\/p>\n<p><strong>\u00a1No pierdas la oportunidad de disfrutar de la comodidad y frescura del Lino en tu nueva Claus!<\/strong><\/p>\n<p><strong>\u00a0<\/strong><\/p>\n<p><strong>Psicolog\u00eda del color:<br \/>\n<\/strong>Azul marino, transmite confianza y estabilidad como significados dominantes.<\/p>\n<p>En la actualidad el color azul se usa en muchos \u00e1mbitos de inter\u00e9s colectivo.<br \/>\nPor su asociaci\u00f3n con el cielo, el azul, especialmente el azul marino, es percibido tambi\u00e9n como s\u00edmbolo de serenidad, orden, amplitud, confianza y honestidad.<\/p>\n<\/div>\n<div style=\"text-align: left;\">\n<div>\n<p><a href=\"https:\/\/shop.modaclaus.com\/en\/\"><strong>Uniformes para profesoras<\/strong><\/a> con estilo y elegancia.<\/p>\n<\/div>\n<\/div>\n<div style=\"text-align: left;\"><\/div>\n<div style=\"text-align: left;\"><\/div>\n<div style=\"text-align: left;\">\n<div>\n<div>\n<div><strong>Altura de la modelo: 1.76 m<\/strong><\/div>\n<\/div>\n<\/div>\n<\/div>\n<div>\n<p style=\"text-align: left;\"><strong>Talla de cintura: 7<\/strong><\/p>\n<p>&nbsp;<\/p>\n<p style=\"text-align: left;\"><strong>Esta prenda la puedes adquirir:<\/strong><br \/>\n<strong>-Pagando a meses sin intereses (desde 6 hasta 12)<\/strong><\/p>\n<\/div>","protected":false},"featured_media":19797,"comment_status":"open","ping_status":"closed","template":"","meta":{"_joinchat":[]},"product_brand":[],"product_cat":[112,126,111,110,117],"product_tag":[],"class_list":{"0":"post-19570","1":"product","2":"type-product","3":"status-publish","4":"has-post-thumbnail","6":"product_cat-maestra","7":"product_cat-sin-estampado","8":"product_cat-educadora","9":"product_cat-mandil","10":"product_cat-color-azul-marino","12":"first","13":"instock","14":"taxable","15":"shipping-taxable","16":"purchasable","17":"product-type-simple"},"_links":{"self":[{"href":"https:\/\/shop.modaclaus.com\/en\/wp-json\/wp\/v2\/product\/19570","targetHints":{"allow":["GET"]}}],"collection":[{"href":"https:\/\/shop.modaclaus.com\/en\/wp-json\/wp\/v2\/product"}],"about":[{"href":"https:\/\/shop.modaclaus.com\/en\/wp-json\/wp\/v2\/types\/product"}],"replies":[{"embeddable":true,"href":"https:\/\/shop.modaclaus.com\/en\/wp-json\/wp\/v2\/comments?post=19570"}],"version-history":[{"count":0,"href":"https:\/\/shop.modaclaus.com\/en\/wp-json\/wp\/v2\/product\/19570\/revisions"}],"wp:featuredmedia":[{"embeddable":true,"href":"https:\/\/shop.modaclaus.com\/en\/wp-json\/wp\/v2\/media\/19797"}],"wp:attachment":[{"href":"https:\/\/shop.modaclaus.com\/en\/wp-json\/wp\/v2\/media?parent=19570"}],"wp:term":[{"taxonomy":"product_brand","embeddable":true,"href":"https:\/\/shop.modaclaus.com\/en\/wp-json\/wp\/v2\/product_brand?post=19570"},{"taxonomy":"product_cat","embeddable":true,"href":"https:\/\/shop.modaclaus.com\/en\/wp-json\/wp\/v2\/product_cat?post=19570"},{"taxonomy":"product_tag","embeddable":true,"href":"https:\/\/shop.modaclaus.com\/en\/wp-json\/wp\/v2\/product_tag?post=19570"}],"curies":[{"name":"wp","href":"https:\/\/api.w.org\/{rel}","templated":true}]}}