{"id":18412,"date":"2023-01-18T17:59:11","date_gmt":"2023-01-18T23:59:11","guid":{"rendered":"https:\/\/shop.modaclaus.com\/?post_type=product&#038;p=18412"},"modified":"2025-05-15T13:29:16","modified_gmt":"2025-05-15T19:29:16","slug":"playera-polo-para-profesor-rojo","status":"publish","type":"product","link":"https:\/\/shop.modaclaus.com\/en\/profesores\/playera-polo-para-profesor-rojo\/","title":{"rendered":"Playera Polo para Profesor Rojo"},"content":{"rendered":"","protected":false},"excerpt":{"rendered":"<h5 style=\"text-align: left;\"><strong>Cod. PPP02<\/strong><br \/>\n<strong>Playera Polo para Profesor<\/strong><br \/>\n<strong>Estilo: Cuello Mao<\/strong><br \/>\n<strong>Color: Rojo con vivos Negro<\/strong><br \/>\n<strong>Tallas: Chica hasta XXL<\/strong><\/h5>\n<p style=\"text-align: left;\">Sin duda todos los d\u00edas pensamos \u00bfY hoy que me pongo para ir al colegio?<\/p>\n<p style=\"text-align: left;\">Sabemos lo complejo que a veces suele ser eso y por ello creamos esta l\u00ednea de playeras polo para los m\u00e1s guapos del colegio. <strong>Ahora ellos tambi\u00e9n podr\u00e1n lucir incre\u00edble<\/strong>, adem\u00e1s sentirse frescos durante el d\u00eda, no importando la actividad que realicen en el d\u00eda.<\/p>\n<p style=\"text-align: left;\">Esta prenda podr\u00e1 lucir como nueva aunque a diario la tengas que lavar. Super resistente, el color estar\u00e1 vivo y la tela no perder\u00e1 su forma.<\/p>\n<p style=\"text-align: left;\">No solo Educadoras o Maestras podr\u00e1n lucir de maravilla, <strong>ahora tambi\u00e9n los Profesores.<\/strong><br \/>\n<strong>\u00a1Ahora todos los docentes har\u00e1n juego en el color de sus prendas de trabajo!<\/strong><\/p>\n<p style=\"text-align: left;\"><strong>Altura de la modelo: 1.75 m<br \/>\nTalla: Mediana<br \/>\nTalla cintura: 32<\/strong><\/p>\n<p style=\"text-align: left;\">","protected":false},"featured_media":18396,"comment_status":"open","ping_status":"closed","template":"","meta":{"_joinchat":[]},"product_brand":[],"product_cat":[138,121,113],"product_tag":[141,140,139],"class_list":{"0":"post-18412","1":"product","2":"type-product","3":"status-publish","4":"has-post-thumbnail","6":"product_cat-profesores","7":"product_cat-color-rojo","8":"product_cat-playeras","9":"product_tag-maestros","10":"product_tag-playeras-polo","11":"product_tag-profesores","13":"first","14":"outofstock","15":"sale","16":"taxable","17":"shipping-taxable","18":"purchasable","19":"product-type-variable","20":"has-default-attributes"},"_links":{"self":[{"href":"https:\/\/shop.modaclaus.com\/en\/wp-json\/wp\/v2\/product\/18412","targetHints":{"allow":["GET"]}}],"collection":[{"href":"https:\/\/shop.modaclaus.com\/en\/wp-json\/wp\/v2\/product"}],"about":[{"href":"https:\/\/shop.modaclaus.com\/en\/wp-json\/wp\/v2\/types\/product"}],"replies":[{"embeddable":true,"href":"https:\/\/shop.modaclaus.com\/en\/wp-json\/wp\/v2\/comments?post=18412"}],"version-history":[{"count":1,"href":"https:\/\/shop.modaclaus.com\/en\/wp-json\/wp\/v2\/product\/18412\/revisions"}],"predecessor-version":[{"id":27057,"href":"https:\/\/shop.modaclaus.com\/en\/wp-json\/wp\/v2\/product\/18412\/revisions\/27057"}],"wp:featuredmedia":[{"embeddable":true,"href":"https:\/\/shop.modaclaus.com\/en\/wp-json\/wp\/v2\/media\/18396"}],"wp:attachment":[{"href":"https:\/\/shop.modaclaus.com\/en\/wp-json\/wp\/v2\/media?parent=18412"}],"wp:term":[{"taxonomy":"product_brand","embeddable":true,"href":"https:\/\/shop.modaclaus.com\/en\/wp-json\/wp\/v2\/product_brand?post=18412"},{"taxonomy":"product_cat","embeddable":true,"href":"https:\/\/shop.modaclaus.com\/en\/wp-json\/wp\/v2\/product_cat?post=18412"},{"taxonomy":"product_tag","embeddable":true,"href":"https:\/\/shop.modaclaus.com\/en\/wp-json\/wp\/v2\/product_tag?post=18412"}],"curies":[{"name":"wp","href":"https:\/\/api.w.org\/{rel}","templated":true}]}}