{"id":16085,"date":"2022-06-24T16:43:09","date_gmt":"2022-06-24T21:43:09","guid":{"rendered":"https:\/\/shop.modaclaus.com\/?post_type=product&#038;p=16085"},"modified":"2026-03-19T13:20:47","modified_gmt":"2026-03-19T19:20:47","slug":"playera-polo-tecolin","status":"publish","type":"product","link":"https:\/\/shop.modaclaus.com\/en\/playeras\/playera-polo-tecolin\/","title":{"rendered":"Playera para Educadora | Tipo Polo | Mod.Tecolin"},"content":{"rendered":"<h3><a href=\"https:\/\/shop.modaclaus.com\/en\/playeras-para-maestras\/\">PLAYERA PARA EDUCADORA\u00a0<\/a> | Tipo Polo<\/h3>\n<h4>Tallas: Chica hasta 4XL<br \/>\n(Molde talla &#8220;Mujer latina&#8221;)<\/h4>\n<div style=\"text-align: left;\">\n<h4>Composici\u00f3n Tela:<\/h4>\n<ul>\n<li>Microfibra de tejido abierto, tela que transpira.<\/li>\n<li>Permite la circulaci\u00f3n de aire hacia tu piel, tu cuerpo siempre se mantendr\u00e1 fresco.<\/li>\n<li>\u00a070% Hilo viscoso suave 30% algod\u00f3n<\/li>\n<\/ul>\n<h5>Estampado:<\/h5>\n<p>Impreso al alto calor. Permite que puedas plancharlo de manera directa y este no perder\u00e1 su brillo y color.<\/p>\n<h5>Costuras:<\/h5>\n<p>La prenda se confecciona al 100% con hilo de algod\u00f3n. Permite mayor durabilidad al paso del tiempo.<\/p>\n<\/div>\n<h5 style=\"text-align: left;\">Empaque:<\/h5>\n<p style=\"text-align: left;\">Incluye un pr\u00e1ctico morralito, para que puedas llevar tu playera a cualquier lugar.<\/p>\n<div style=\"text-align: left;\"><\/div>\n<h5 style=\"text-align: left;\">Forma de lavado:<\/h5>\n<div>Podr\u00e1s lavarla diariamente y no perder\u00e1 su color o forma.<\/div>\n<div style=\"text-align: left;\">No usar m\u00e1quina secadora de gas.<\/div>\n<div><\/div>\n<p><strong>Cuidado de tu Elegante <a href=\"https:\/\/shop.modaclaus.com\/en\/playeras-para-maestras\/\">Playera para Educadora Polo<\/a>: \ud83c\udf1e\ud83d\udc55<\/strong><\/p>\n<p>\u00a1Queremos que tu nueva playera para maestra luzca impecable siempre! <strong>Sigue estos consejos:<\/strong><\/p>\n<ol>\n<li><strong>Secado al Aire Libre:<\/strong> Despu\u00e9s de lavarla, deja que tu playera se seque naturalmente al aire libre. Esto prolongar\u00e1 la vida de las fibras y mantendr\u00e1 la frescura de la prenda.<\/li>\n<li><strong>Voltea la Playera:<\/strong> Al tenderla, aseg\u00farate de voltear la playera. As\u00ed, la luz del sol no impactar\u00e1 directamente en el estampado, manteniendo la intensidad de los colores por m\u00e1s tiempo.<\/li>\n<\/ol>\n<p>Con estos simples pasos, \u00a1tu playera estar\u00e1 lista para destacar con estilo en cada ocasi\u00f3n! \ud83c\udf08\u2728 <strong>\u00a1Gracias por elegir Claus!<\/strong><\/p>","protected":false},"excerpt":{"rendered":"<div style=\"text-align: left;\">\n<h5><a href=\"https:\/\/shop.modaclaus.com\/en\/playeras-para-maestras\/\">PLAYERA PARA EDUCADORA\u00a0<\/a> | Tipo Polo<\/h5>\n<div style=\"display: inline-block; background: #fce4ec; color: #880e4f; font-weight: bold; font-family: 'Segoe UI', sans-serif; padding: 8px 14px; border-radius: 12px; font-size: 14px; border: 1px solid #f8bbd0; line-height: 1.4; text-align: center;\">\ud83c\udf81 3&#215;2 \u00a1Adi\u00f3s Polos!<br \/>\n\ud83d\udc9c Hasta agotar existencias<\/div>\n<p>Mod. Tecolin<br \/>\nCod. PB001<br \/>\nTallas: Chica hasta 4XL<br \/>\n(Molde talla &#8220;Mujer latina&#8221;)<\/p>\n<div>\n<div>\u00bfTecol\u00edn? Bien, te explico\u2026<\/div>\n<div>\n<p><strong>En nuestro bello M\u00e9xico<\/strong>, en la cultura prehisp\u00e1nica, al \u201cb\u00faho\u201d, le dec\u00edan\u00a0<b>Tecolotl<\/b>.<\/p>\n<p>Ellos lo relacionaban con los dioses del inframundo sin inframundo.\u00a0 As\u00ed que, por ese motivo, es que lleva este nombre.<\/p>\n<p>No quisimos ponerle b\u00faho. Como te abras dado cuenta, en Claus nos inspiramos mucho en las <strong>tradiciones de M\u00e9xico.<\/strong><\/p>\n<\/div>\n<div>\n<p>Este bello estampado plasma a varios Tecolotes, ellos representan las asignaturas acad\u00e9micas que todas las ni\u00f1as y ni\u00f1os desarrollan en su etapa preescolar.<\/p>\n<\/div>\n<div><strong>Tecolote Verde: Educaci\u00f3n Socioemocional<\/strong><br \/>\n<strong>Tecolote Naranja: Exploraci\u00f3n y comprensi\u00f3n del mundo natural<\/strong><br \/>\n<strong>Tecolote morado: Lenguaje y comunicaci\u00f3n<\/strong><br \/>\n<strong>Tecolote azul: Artes<\/strong><br \/>\n<strong>Tecolote rosa: Pensamiento Matem\u00e1tico<\/strong><\/div>\n<div>\n<p><strong>Tecolote amarillo: Educaci\u00f3n f\u00edsica.<\/strong><\/p>\n<p>Claro,\u00a0<b>nosotras no somos expertas como t\u00fa<\/b>, pero hacemos todo lo posible para que las prendas que fabricamos para ti, tengan un apoyo visual para tus estudiantes y que tambi\u00e9n sean un distintivo de tu bella profesi\u00f3n.<\/p>\n<\/div>\n<\/div>\n<div>\n<div>\n<div>\n<p>&nbsp;<\/p>\n<\/div>\n<\/div>\n<\/div>\n<p>Las <a href=\"https:\/\/shop.modaclaus.com\/en\/playeras-para-maestras\/\">playeras para docentes<\/a> que fabricamos para ti, siempre har\u00e1n juego con tu estilo de trabajo.<\/p>\n<\/div>\n<div>\n<h5 style=\"text-align: left;\"><span style=\"color: #ff0000;\">IMPORTANTE:<\/span><br \/>\n<span style=\"color: #ff0000;\">Por favor, mira la GU\u00cdA DE TALLAS.<\/span><br \/>\n<span style=\"color: #ff0000;\">As\u00ed podr\u00e1s asegurar que la prenda te quede justo a la medida.<\/span><\/h5>\n<div>\n<p style=\"text-align: left;\"><strong>Altura de la modelo: 1.65 m<br \/>\nTalla: Mediana<br \/>\nCintura: 7<\/strong><\/p>\n<\/div>\n<\/div>","protected":false},"featured_media":16084,"comment_status":"open","ping_status":"closed","template":"","meta":{"_joinchat":{"message_text":"\u00a1Hola! \u00bfLista para estrenar? Esta Polo no es una playera m\u00e1s, dar\u00e1 Identidad a tu bella Profesi\u00f3n.","message_send":"\u00a1Hola! Estoy viendo el modelo {PRODUCT} y requiero me puedas apoyar. \ud83d\ude03"}},"product_brand":[],"product_cat":[113,111,112],"product_tag":[],"class_list":{"0":"post-16085","1":"product","2":"type-product","3":"status-publish","4":"has-post-thumbnail","6":"product_cat-playeras","7":"product_cat-educadora","8":"product_cat-maestra","10":"first","11":"instock","12":"taxable","13":"shipping-taxable","14":"purchasable","15":"product-type-variable"},"_links":{"self":[{"href":"https:\/\/shop.modaclaus.com\/en\/wp-json\/wp\/v2\/product\/16085","targetHints":{"allow":["GET"]}}],"collection":[{"href":"https:\/\/shop.modaclaus.com\/en\/wp-json\/wp\/v2\/product"}],"about":[{"href":"https:\/\/shop.modaclaus.com\/en\/wp-json\/wp\/v2\/types\/product"}],"replies":[{"embeddable":true,"href":"https:\/\/shop.modaclaus.com\/en\/wp-json\/wp\/v2\/comments?post=16085"}],"version-history":[{"count":5,"href":"https:\/\/shop.modaclaus.com\/en\/wp-json\/wp\/v2\/product\/16085\/revisions"}],"predecessor-version":[{"id":27223,"href":"https:\/\/shop.modaclaus.com\/en\/wp-json\/wp\/v2\/product\/16085\/revisions\/27223"}],"wp:featuredmedia":[{"embeddable":true,"href":"https:\/\/shop.modaclaus.com\/en\/wp-json\/wp\/v2\/media\/16084"}],"wp:attachment":[{"href":"https:\/\/shop.modaclaus.com\/en\/wp-json\/wp\/v2\/media?parent=16085"}],"wp:term":[{"taxonomy":"product_brand","embeddable":true,"href":"https:\/\/shop.modaclaus.com\/en\/wp-json\/wp\/v2\/product_brand?post=16085"},{"taxonomy":"product_cat","embeddable":true,"href":"https:\/\/shop.modaclaus.com\/en\/wp-json\/wp\/v2\/product_cat?post=16085"},{"taxonomy":"product_tag","embeddable":true,"href":"https:\/\/shop.modaclaus.com\/en\/wp-json\/wp\/v2\/product_tag?post=16085"}],"curies":[{"name":"wp","href":"https:\/\/api.w.org\/{rel}","templated":true}]}}