{"id":14958,"date":"2022-05-23T20:54:10","date_gmt":"2022-05-24T01:54:10","guid":{"rendered":"https:\/\/shop.modaclaus.com\/?post_type=product&#038;p=14958"},"modified":"2026-01-29T15:52:49","modified_gmt":"2026-01-29T21:52:49","slug":"camisetas-para-maestras-pinpon","status":"publish","type":"product","link":"https:\/\/shop.modaclaus.com\/en\/camisetas-para-maestras-pinpon\/","title":{"rendered":"OUTLET Playera Sport Pin Pon"},"content":{"rendered":"<p style=\"text-align: left;\"><span style=\"color: #2b0b33;\">\u2705 Molde con dise\u00f1o curvo (se ajusta a tu cintura).<\/span><br \/>\n<span style=\"color: #2b0b33;\"><strong>\u2705 Tela Spandex-Licra Dry Fit\u00a0 100% deportiva.<br \/>\n<\/strong>\u2705 Costuras dobles (M\u00e1xima durabilidad).<\/span><br \/>\n<span style=\"color: #2b0b33;\">\u2705 Estampado al alto calor, (podr\u00e1s plancharla y no perder\u00e1 su color).<\/span><br \/>\n<span style=\"color: #2b0b33;\">\u2705 No importa d\u00f3nde te encuentres, \u00a1Siempre estar\u00e1s fresca!.<\/span><br \/>\n<span style=\"color: #2b0b33;\">\u2705 Colores brillantes.<\/span><\/p>\n<p style=\"text-align: left;\"><span style=\"color: #2b0b33;\">Lista para aguantar esas arduas jornadas en tu sal\u00f3n de clases.<\/span><\/p>\n<p style=\"text-align: left;\"><span style=\"color: #2b0b33;\">No despinta<\/span><br \/>\n<span style=\"color: #2b0b33;\">No se deforma la tela<\/span><br \/>\n<span style=\"color: #2b0b33;\">L\u00e1vala cuantas veces sea necesario y siempre estar\u00e1 como nueva.<\/span><br \/>\n<span style=\"color: #2b0b33;\">Aunque la laves todos los d\u00edas, jam\u00e1s perder\u00e1 su color, textura y forma.\ud83e\udd17<\/span><\/p>\n<p style=\"text-align: left;\"><span style=\"color: #2b0b33;\">No gastes m\u00e1s tu ropa preferida y deja de preocuparte todas las ma\u00f1anas, ahora tienes una prenda exclusiva para ir al colegio.<\/span><br \/>\n<span style=\"color: #000080;\"><strong>Las <a href=\"https:\/\/shop.modaclaus.com\/en\/playeras-para-maestras\/\">camisetas para maestras<\/a> que fabricamos para ti, van con tu estilo de vida. \ud83d\ude0d<\/strong><\/span><\/p>\n<p>&nbsp;<\/p>\n<p style=\"text-align: left;\"><span style=\"color: #2b0b33;\">Aqu\u00ed puedes ver m\u00e1s modelos:<\/span><\/p>\n<h1 style=\"text-align: left;\"><a href=\"https:\/\/shop.modaclaus.com\/en\/playeras-para-maestras\/\"><span style=\"color: #2b0b33;\"><strong>Camisetas para maestras<\/strong><\/span><\/a><\/h1>","protected":false},"excerpt":{"rendered":"<h5><span style=\"color: #ff0000;\">OUTLET<\/span><\/h5>\n<h5 style=\"text-align: left;\"><span style=\"color: #2e1763;\">Mod.P001<br \/>\nTallas: Chica-XXXL<\/span><\/h5>\n<p style=\"text-align: left;\"><span style=\"color: #2e1763;\">\u2705 Molde con dise\u00f1o curvo (se ajusta a tu cintura)<\/span><br \/>\n<span style=\"color: #2e1763;\"><strong>\u2705 Tela Spandex-Licra Dry Fit \u00a0\u00a1100% deportiva!<br \/>\n<\/strong>\u2705 Costuras dobles (M\u00e1xima durabilidad)<\/span><br \/>\n<span style=\"color: #2e1763;\">\u2705 Estampado al alto calor, (podr\u00e1s plancharla y no perder\u00e1 su color)<\/span><br \/>\n<span style=\"color: #2e1763;\">\u2705 No importa d\u00f3nde te encuentres, \u00a1Siempre estar\u00e1s fresca!<\/span><br \/>\n<span style=\"color: #2e1763;\">\u2705 Colores intensos<\/span><\/p>\n<h5 style=\"text-align: left;\"><span style=\"color: #ff0000;\">IMPORTANTE:<\/span><br \/>\n<span style=\"color: #ff0000;\">Por favor, mira la GU\u00cdA DE TALLAS.<\/span><br \/>\n<span style=\"color: #ff0000;\">As\u00ed podr\u00e1s asegurar que la prenda te quede justo a la medida.<\/span><\/h5>\n<p style=\"text-align: left;\"><span style=\"color: #2e1763;\"><strong>Esta prenda la puedes adquirir:<br \/>\n-Pagando a meses sin intereses (desde 6 hasta 12)<br \/>\n-Pagando en 5 quincenas con tu cr\u00e9dito Aplazo.<\/strong><\/span><\/p>","protected":false},"featured_media":14899,"comment_status":"open","ping_status":"closed","template":"","meta":{"_joinchat":[]},"product_brand":[],"product_cat":[131],"product_tag":[],"class_list":{"0":"post-14958","1":"product","2":"type-product","3":"status-publish","4":"has-post-thumbnail","6":"product_cat-outlet","8":"first","9":"instock","10":"sale","11":"taxable","12":"shipping-taxable","13":"purchasable","14":"product-type-variable","15":"has-default-attributes"},"_links":{"self":[{"href":"https:\/\/shop.modaclaus.com\/en\/wp-json\/wp\/v2\/product\/14958","targetHints":{"allow":["GET"]}}],"collection":[{"href":"https:\/\/shop.modaclaus.com\/en\/wp-json\/wp\/v2\/product"}],"about":[{"href":"https:\/\/shop.modaclaus.com\/en\/wp-json\/wp\/v2\/types\/product"}],"replies":[{"embeddable":true,"href":"https:\/\/shop.modaclaus.com\/en\/wp-json\/wp\/v2\/comments?post=14958"}],"version-history":[{"count":0,"href":"https:\/\/shop.modaclaus.com\/en\/wp-json\/wp\/v2\/product\/14958\/revisions"}],"wp:featuredmedia":[{"embeddable":true,"href":"https:\/\/shop.modaclaus.com\/en\/wp-json\/wp\/v2\/media\/14899"}],"wp:attachment":[{"href":"https:\/\/shop.modaclaus.com\/en\/wp-json\/wp\/v2\/media?parent=14958"}],"wp:term":[{"taxonomy":"product_brand","embeddable":true,"href":"https:\/\/shop.modaclaus.com\/en\/wp-json\/wp\/v2\/product_brand?post=14958"},{"taxonomy":"product_cat","embeddable":true,"href":"https:\/\/shop.modaclaus.com\/en\/wp-json\/wp\/v2\/product_cat?post=14958"},{"taxonomy":"product_tag","embeddable":true,"href":"https:\/\/shop.modaclaus.com\/en\/wp-json\/wp\/v2\/product_tag?post=14958"}],"curies":[{"name":"wp","href":"https:\/\/api.w.org\/{rel}","templated":true}]}}