{"id":13960,"date":"2022-04-27T17:58:32","date_gmt":"2022-04-27T22:58:32","guid":{"rendered":"https:\/\/shop.modaclaus.com\/?post_type=product&#038;p=13960"},"modified":"2026-02-26T15:09:48","modified_gmt":"2026-02-26T21:09:48","slug":"outfit-para-maestras-entusiasmo-e01","status":"publish","type":"product","link":"https:\/\/shop.modaclaus.com\/en\/outfit-para-maestras-entusiasmo-e01\/","title":{"rendered":"Mandil Entusiasmo E01"},"content":{"rendered":"<ul>\n<li>Talla: Unitalla.<\/li>\n<li style=\"text-align: left;\">Tirante: <b><i>Este modelo no lleva tirantes.<\/i><\/b> La solapa cubre desde la base de tu cuello, al inicio de tu hombro.<\/li>\n<li style=\"text-align: left;\">Color:\u00a0 Roja cereza, con vivos en azul marino.<\/li>\n<li style=\"text-align: left;\">Incluye: Empaque individual | Morralito.<\/li>\n<li style=\"text-align: left;\">Cintas: 4 Jaretas (Cintas) Que permiten que la prenda se ajuste perfecto a tu cintura.<\/li>\n<li style=\"text-align: left;\">Bolsas:<br \/>\n1 Bolsa exterior amplia (doble carta)<br \/>\n1 Bolsa interior para celular con tapa.<br \/>\n1 Bolsa interior con tapa, para llaves o monedas.<\/li>\n<li style=\"text-align: left;\">Bot\u00f3n de seguridad.\u00a0 Nada se escapa de tu bolsa o bien, ninguna manita podr\u00e1 entrar f\u00e1cilmente sin que te des cuenta.<\/li>\n<\/ul>\n<p><strong>Nota:\u00a0<\/strong><\/p>\n<ul>\n<li><strong>Todos los modelos que fabricamos, est\u00e1n dise\u00f1ados con un largo de cuerpo, que permite a la prenda llegar a 5 cm antes del inicio de la rodilla.<\/strong><\/li>\n<li><strong>Se ajust\u00f3 a una altura promedio de mujeres mexicanas, que es entre 1.50 y 1.65 m de altura.<\/strong><\/li>\n<\/ul>\n<p><strong><em>(Si t\u00fa tienes la dicha de medir m\u00e1s de 1.65 m y deseas que la prenda llegue 5 cm antes de tu rodilla, es necesario nos contactes para fabricarte la prenda a una medida m\u00e1s larga).<\/em><\/strong><\/p>\n<p>&nbsp;<\/p>\n<p>En esta secci\u00f3n podr\u00e1s hacer tu outfit completo:<\/p>\n<h1><a href=\"https:\/\/shop.modaclaus.com\/en\/mandiles\/mandil-para-maestra\/\">Outfit para maestras<\/a><\/h1>","protected":false},"excerpt":{"rendered":"<h4 style=\"text-align: left;\">Cod.EL01<br \/>\nUNITALLA<\/h4>\n<div style=\"text-align: left;\">\n<div><strong>Entusiasmo<\/strong><\/div>\n<div><\/div>\n<div>\n<p>Es un estado an\u00edmico donde se muestra por algo mucho inter\u00e9s y\u00a0 motivaci\u00f3n, lo que lleva a esforzarse por investigarlo, conocerlo, descubrirlo o llevarlo a cabo.<\/p>\n<div>Los ni\u00f1os y los j\u00f3venes son naturalmente m\u00e1s entusiastas que los adultos y ancianos, aunque siempre puede hallarse algo que nos conmueve y nos moviliza hacia la acci\u00f3n.<\/div>\n<div><\/div>\n<div>\n<p>Se considera una de las emociones m\u00e1s positivas, ya que no solo se la relaciona con la sensaci\u00f3n de placer o de estar a gusto, sino que tambi\u00e9n se vincula con la idea de sentirse incentivado, interesado y comprometido.<\/p>\n<p><strong>El entusiasmo se siente entonces como algo interno que transmite fuerza a la persona para que pueda seguir adelante con sus actividades.<\/strong><\/p>\n<p><strong>Psicolog\u00eda del color:<\/strong><\/p>\n<\/div>\n<div><strong>Rojo Cereza:<\/strong>\u00a0 Es un color que transmite una gran gama de sensaciones.<br \/>\nPor ejemplo, energ\u00eda, espontaneidad, autonom\u00eda, independencia o sensualidad.<br \/>\nEn muchos pa\u00edses asi\u00e1ticos, como India y China, el rojo se considera el color de la felicidad, el bienestar y la buena fortuna, as\u00ed que ten en cuenta siempre el contexto.<\/div>\n<\/div>\n<\/div>\n<div><\/div>\n<div>Una nueva forma de vestir, un nuevo <a href=\"https:\/\/shop.modaclaus.com\/en\/\">outfit para maestras<\/a><\/div>\n<div style=\"text-align: left;\">\n<div>\n<p>&nbsp;<\/p>\n<\/div>\n<\/div>\n<div style=\"text-align: left;\"><\/div>\n<div style=\"text-align: left;\"><\/div>\n<div style=\"text-align: left;\">\n<div>\n<div>\n<div><strong>Altura de la modelo: 1.76 m<\/strong><\/div>\n<\/div>\n<\/div>\n<\/div>\n<div>\n<p style=\"text-align: left;\"><strong>Talla de cintura: 7<br \/>\n<span style=\"color: #ff0000;\">Nota: No incluye cubrebocas<\/span><br \/>\n<\/strong><\/p>\n<p style=\"text-align: left;\"><strong>Esta prenda la puedes adquirir:<\/strong><br \/>\n<strong>-Pagando a meses sin intereses (desde 6 hasta 12)<\/strong><br \/>\n<strong>-Pagando en 5 quincenas con tu cr\u00e9dito ZIP.<\/strong><\/p>\n<\/div>","protected":false},"featured_media":13959,"comment_status":"open","ping_status":"closed","template":"","meta":{"_joinchat":[]},"product_brand":[],"product_cat":[112,121,110,126],"product_tag":[],"class_list":{"0":"post-13960","1":"product","2":"type-product","3":"status-publish","4":"has-post-thumbnail","6":"product_cat-maestra","7":"product_cat-color-rojo","8":"product_cat-mandil","9":"product_cat-sin-estampado","11":"first","12":"instock","13":"taxable","14":"shipping-taxable","15":"purchasable","16":"product-type-simple"},"_links":{"self":[{"href":"https:\/\/shop.modaclaus.com\/en\/wp-json\/wp\/v2\/product\/13960","targetHints":{"allow":["GET"]}}],"collection":[{"href":"https:\/\/shop.modaclaus.com\/en\/wp-json\/wp\/v2\/product"}],"about":[{"href":"https:\/\/shop.modaclaus.com\/en\/wp-json\/wp\/v2\/types\/product"}],"replies":[{"embeddable":true,"href":"https:\/\/shop.modaclaus.com\/en\/wp-json\/wp\/v2\/comments?post=13960"}],"version-history":[{"count":0,"href":"https:\/\/shop.modaclaus.com\/en\/wp-json\/wp\/v2\/product\/13960\/revisions"}],"wp:featuredmedia":[{"embeddable":true,"href":"https:\/\/shop.modaclaus.com\/en\/wp-json\/wp\/v2\/media\/13959"}],"wp:attachment":[{"href":"https:\/\/shop.modaclaus.com\/en\/wp-json\/wp\/v2\/media?parent=13960"}],"wp:term":[{"taxonomy":"product_brand","embeddable":true,"href":"https:\/\/shop.modaclaus.com\/en\/wp-json\/wp\/v2\/product_brand?post=13960"},{"taxonomy":"product_cat","embeddable":true,"href":"https:\/\/shop.modaclaus.com\/en\/wp-json\/wp\/v2\/product_cat?post=13960"},{"taxonomy":"product_tag","embeddable":true,"href":"https:\/\/shop.modaclaus.com\/en\/wp-json\/wp\/v2\/product_tag?post=13960"}],"curies":[{"name":"wp","href":"https:\/\/api.w.org\/{rel}","templated":true}]}}