{"id":13955,"date":"2022-04-27T17:39:38","date_gmt":"2022-04-27T22:39:38","guid":{"rendered":"https:\/\/shop.modaclaus.com\/?post_type=product&#038;p=13955"},"modified":"2026-03-09T12:00:41","modified_gmt":"2026-03-09T18:00:41","slug":"uniformes-de-colegios-privados-elegancia-el01","status":"publish","type":"product","link":"https:\/\/shop.modaclaus.com\/en\/uniformes-de-colegios-privados-elegancia-el01\/","title":{"rendered":"Mandil Elegancia EL01"},"content":{"rendered":"<ul>\n<li>Talla: Unitalla.<\/li>\n<li style=\"text-align: left;\">Tirante: <b><i>Este modelo no lleva tirantes.<\/i><\/b> La solapa cubre desde la base de tu cuello, al inicio de tu hombro.<\/li>\n<li style=\"text-align: left;\">Color:\u00a0 Negro, con vivo en guinda (vino tinto).<\/li>\n<li style=\"text-align: left;\">Incluye: Empaque individual | Morralito.<\/li>\n<li style=\"text-align: left;\">Cintas: 4 Jaretas (Cintas) Que permiten que la prenda se ajuste perfecto a tu cintura.<\/li>\n<li style=\"text-align: left;\">Bolsas:<br \/>\n1 Bolsa exterior amplia (doble carta)<br \/>\n1 Bolsa interior para celular con tapa.<br \/>\n1 Bolsa interior con tapa, para llaves o monedas.<\/li>\n<li style=\"text-align: left;\">Bot\u00f3n de seguridad.\u00a0 Nada se escapa de tu bolsa o bien, ninguna manita podr\u00e1 entrar f\u00e1cilmente sin que te des cuenta.<\/li>\n<\/ul>\n<p><strong>Nota:\u00a0<\/strong><\/p>\n<ul>\n<li><strong>Todos los modelos que fabricamos, est\u00e1n dise\u00f1ados con un largo de cuerpo, que permite a la prenda llegar a 5 cm antes del inicio de la rodilla.<\/strong><\/li>\n<li><strong>Se ajust\u00f3 a una altura promedio de mujeres mexicanas, que es entre 1.50 y 1.65 m de altura.<\/strong><\/li>\n<\/ul>\n<p><strong><em>(Si t\u00fa tienes la dicha de medir m\u00e1s de 1.65 m y deseas que la prenda llegue 5 cm antes de tu rodilla, es necesario nos contactes para fabricarte la prenda a una medida m\u00e1s larga).<\/em><\/strong><\/p>\n<p>&nbsp;<\/p>\n<p>Aqu\u00ed puedes encontrar muchos modelos:<\/p>\n<h1><a href=\"https:\/\/shop.modaclaus.com\/en\/\">Uniformes de colegios privados<\/a><\/h1>","protected":false},"excerpt":{"rendered":"<h4 style=\"text-align: left;\">Cod.EL01<br \/>\nUNITALLA<\/h4>\n<div style=\"text-align: left;\">\n<div><\/div>\n<\/div>\n<div style=\"text-align: left;\">\n<p><strong>Elegancia<\/strong><\/p>\n<div>La elegancia es aquello que se deriva del buen gusto y la distinci\u00f3n, de lo que hace que algo o alguien se destaque del resto, por ser agradable, arm\u00f3nico, delicado, bello, fino, alejado de todo lo que puede aparecer como burdo, grosero, estridente, com\u00fan o recargado.<\/div>\n<div><\/div>\n<div>\n<p>La elegancia tambi\u00e9n es una cuesti\u00f3n que est\u00e1 presente especialmente en aquellos contextos formales de las clases altas, en los cuales se demanda\u00a0correcci\u00f3n y distinci\u00f3n a la hora de expresarse y relacionarse con el entorno.<\/p>\n<p><strong>Psicolog\u00eda de color<\/strong><\/p>\n<\/div>\n<div>\n<p>Negro: Puede comunicar\u00a0<strong>poder, lujo, sofisticaci\u00f3n y autoridad.<\/strong><\/p>\n<p>Este modelo de <a href=\"https:\/\/shop.modaclaus.com\/en\/\">uniformes de colegios privados<\/a>, ser\u00e1 un distintivo de tu colegio.<\/p>\n<p>&nbsp;<\/p>\n<\/div>\n<\/div>\n<div style=\"text-align: left;\"><\/div>\n<div style=\"text-align: left;\"><\/div>\n<div style=\"text-align: left;\">\n<div>\n<div>\n<div><strong>Altura de la modelo: 1.76 m<\/strong><\/div>\n<\/div>\n<\/div>\n<\/div>\n<div>\n<p style=\"text-align: left;\"><strong>Talla de cintura: 7<br \/>\n<span style=\"color: #ff0000;\">Nota: No incluye cubrebocas<\/span><br \/>\n<\/strong><\/p>\n<p style=\"text-align: left;\"><strong>Esta prenda la puedes adquirir:<\/strong><br \/>\n<strong>-Pagando a meses sin intereses (desde 6 hasta 12)<\/strong><br \/>\n<strong>-Pagando en 5 quincenas con tu cr\u00e9dito ZIP.<\/strong><\/p>\n<\/div>","protected":false},"featured_media":13954,"comment_status":"open","ping_status":"closed","template":"","meta":{"_joinchat":[]},"product_brand":[],"product_cat":[112,122,110,126],"product_tag":[],"class_list":{"0":"post-13955","1":"product","2":"type-product","3":"status-publish","4":"has-post-thumbnail","6":"product_cat-maestra","7":"product_cat-color-negro","8":"product_cat-mandil","9":"product_cat-sin-estampado","11":"first","12":"outofstock","13":"taxable","14":"shipping-taxable","15":"purchasable","16":"product-type-simple"},"_links":{"self":[{"href":"https:\/\/shop.modaclaus.com\/en\/wp-json\/wp\/v2\/product\/13955","targetHints":{"allow":["GET"]}}],"collection":[{"href":"https:\/\/shop.modaclaus.com\/en\/wp-json\/wp\/v2\/product"}],"about":[{"href":"https:\/\/shop.modaclaus.com\/en\/wp-json\/wp\/v2\/types\/product"}],"replies":[{"embeddable":true,"href":"https:\/\/shop.modaclaus.com\/en\/wp-json\/wp\/v2\/comments?post=13955"}],"version-history":[{"count":0,"href":"https:\/\/shop.modaclaus.com\/en\/wp-json\/wp\/v2\/product\/13955\/revisions"}],"wp:featuredmedia":[{"embeddable":true,"href":"https:\/\/shop.modaclaus.com\/en\/wp-json\/wp\/v2\/media\/13954"}],"wp:attachment":[{"href":"https:\/\/shop.modaclaus.com\/en\/wp-json\/wp\/v2\/media?parent=13955"}],"wp:term":[{"taxonomy":"product_brand","embeddable":true,"href":"https:\/\/shop.modaclaus.com\/en\/wp-json\/wp\/v2\/product_brand?post=13955"},{"taxonomy":"product_cat","embeddable":true,"href":"https:\/\/shop.modaclaus.com\/en\/wp-json\/wp\/v2\/product_cat?post=13955"},{"taxonomy":"product_tag","embeddable":true,"href":"https:\/\/shop.modaclaus.com\/en\/wp-json\/wp\/v2\/product_tag?post=13955"}],"curies":[{"name":"wp","href":"https:\/\/api.w.org\/{rel}","templated":true}]}}