{"id":13899,"date":"2022-04-26T19:25:50","date_gmt":"2022-04-27T00:25:50","guid":{"rendered":"https:\/\/shop.modaclaus.com\/?post_type=product&#038;p=13899"},"modified":"2026-04-07T22:19:16","modified_gmt":"2026-04-08T04:19:16","slug":"uniformes-para-docentes-armonia-ar01","status":"publish","type":"product","link":"https:\/\/shop.modaclaus.com\/en\/uniformes-para-docentes-armonia-ar01\/","title":{"rendered":"Mandil Armon\u00eda AR01"},"content":{"rendered":"<ul>\n<li>Talla: Unitalla.<\/li>\n<li style=\"text-align: left;\">Tirante: <b><i>Este modelo no lleva tirantes.<\/i><\/b> La solapa cubre desde la base de tu cuello, al inicio de tu hombro.<\/li>\n<li style=\"text-align: left;\">Color: Guinda (Vino tinto), con vivos verde jade.<\/li>\n<li style=\"text-align: left;\">Incluye: Empaque individual | Morralito.<\/li>\n<li style=\"text-align: left;\">Cintas: 4 Jaretas (Cintas) Que permiten que la prenda se ajuste perfecto a tu cintura.<\/li>\n<li style=\"text-align: left;\">Bolsas:<br \/>\n1 Bolsa exterior amplia (doble carta)<br \/>\n1 Bolsa interior para celular con tapa.<br \/>\n1 Bolsa interior con tapa, para llaves o monedas.<\/li>\n<li style=\"text-align: left;\">Bot\u00f3n de seguridad.\u00a0 Nada se escapa de tu bolsa o bien, ninguna manita podr\u00e1 entrar f\u00e1cilmente sin que te des cuenta.<\/li>\n<\/ul>\n<p><strong>Nota:\u00a0<\/strong><\/p>\n<ul>\n<li><strong>Todos los modelos que fabricamos, est\u00e1n dise\u00f1ados con un largo de cuerpo, que permite a la prenda llegar a 5 cm antes del inicio de la rodilla.<\/strong><\/li>\n<li><strong>Se ajust\u00f3 a una altura promedio de mujeres mexicanas, que es entre 1.50 y 1.65 m de altura.<\/strong><\/li>\n<\/ul>\n<p><strong><em>(Si t\u00fa tienes la dicha de medir m\u00e1s de 1.65 m y deseas que la prenda llegue 5 cm antes de tu rodilla, es necesario nos contactes para fabricarte la prenda a una medida m\u00e1s larga).<\/em><\/strong><\/p>\n<p>&nbsp;<\/p>\n<p>Esta secci\u00f3n puede ser de tu inter\u00e9s:<\/p>\n<h1><a href=\"https:\/\/shop.modaclaus.com\/en\/\">Uniformes para docentes<\/a><\/h1>","protected":false},"excerpt":{"rendered":"<h4 style=\"text-align: left;\">Cod.AM01<br \/>\nUNITALLA<\/h4>\n<div style=\"text-align: left;\">\n<div>\n<div>\n<p>Entendemos la expresi\u00f3n &#8220;Armon\u00eda&#8221; como el vivir en orden, que todo fluye de manera adecuada, todo est\u00e1 en paz, todo est\u00e1 en acuerdo, una buena amistad o relaci\u00f3n,\u00a0 y que siempre denota una buena comunicaci\u00f3n, compatibilidad y que hay empat\u00eda con alguien o con un grupo.<\/p>\n<p><a href=\"https:\/\/shop.modaclaus.com\/en\/\"><strong>Uniformes para docentes<\/strong><\/a> en color guinda <strong>(vino tinto)<\/strong>, que reflejar\u00e1, formalidad, elegancia, clase y buen gusto. Este es un color preferido por el mundo corporativo.<\/p>\n<p><strong>Psicolog\u00eda del color:<\/strong><br \/>\nRepresenta Energ\u00eda, fortaleza, el amor a nivel profundo, y buen gusto por las cosas.<\/p>\n<\/div>\n<div>\n<div><strong>Altura de la modelo: 1.76 m<\/strong><\/div>\n<\/div>\n<\/div>\n<\/div>\n<div>\n<p style=\"text-align: left;\"><strong>Talla de cintura: 7<br \/>\n<span style=\"color: #ff0000;\">Nota: No incluye cubrebocas<\/span><br \/>\n<\/strong><\/p>\n<p style=\"text-align: left;\"><strong>Esta prenda la puedes adquirir:<\/strong><br \/>\n<strong>-Pagando a meses sin intereses (desde 6 hasta 12)<\/strong><br \/>\n<strong>-Pagando en 5 quincenas con tu cr\u00e9dito ZIP.<\/strong><\/p>\n<\/div>","protected":false},"featured_media":13897,"comment_status":"open","ping_status":"closed","template":"","meta":{"_joinchat":[]},"product_brand":[],"product_cat":[112,121,110,126],"product_tag":[],"class_list":{"0":"post-13899","1":"product","2":"type-product","3":"status-publish","4":"has-post-thumbnail","6":"product_cat-maestra","7":"product_cat-color-rojo","8":"product_cat-mandil","9":"product_cat-sin-estampado","11":"first","12":"instock","13":"taxable","14":"shipping-taxable","15":"purchasable","16":"product-type-simple"},"_links":{"self":[{"href":"https:\/\/shop.modaclaus.com\/en\/wp-json\/wp\/v2\/product\/13899","targetHints":{"allow":["GET"]}}],"collection":[{"href":"https:\/\/shop.modaclaus.com\/en\/wp-json\/wp\/v2\/product"}],"about":[{"href":"https:\/\/shop.modaclaus.com\/en\/wp-json\/wp\/v2\/types\/product"}],"replies":[{"embeddable":true,"href":"https:\/\/shop.modaclaus.com\/en\/wp-json\/wp\/v2\/comments?post=13899"}],"version-history":[{"count":0,"href":"https:\/\/shop.modaclaus.com\/en\/wp-json\/wp\/v2\/product\/13899\/revisions"}],"wp:featuredmedia":[{"embeddable":true,"href":"https:\/\/shop.modaclaus.com\/en\/wp-json\/wp\/v2\/media\/13897"}],"wp:attachment":[{"href":"https:\/\/shop.modaclaus.com\/en\/wp-json\/wp\/v2\/media?parent=13899"}],"wp:term":[{"taxonomy":"product_brand","embeddable":true,"href":"https:\/\/shop.modaclaus.com\/en\/wp-json\/wp\/v2\/product_brand?post=13899"},{"taxonomy":"product_cat","embeddable":true,"href":"https:\/\/shop.modaclaus.com\/en\/wp-json\/wp\/v2\/product_cat?post=13899"},{"taxonomy":"product_tag","embeddable":true,"href":"https:\/\/shop.modaclaus.com\/en\/wp-json\/wp\/v2\/product_tag?post=13899"}],"curies":[{"name":"wp","href":"https:\/\/api.w.org\/{rel}","templated":true}]}}