{"id":13672,"date":"2022-04-23T18:14:12","date_gmt":"2022-04-23T23:14:12","guid":{"rendered":"https:\/\/shop.modaclaus.com\/?post_type=product&#038;p=13672"},"modified":"2026-01-23T19:02:10","modified_gmt":"2026-01-24T01:02:10","slug":"batas-estampadas-para-educadora-panchitos-pa002","status":"publish","type":"product","link":"https:\/\/shop.modaclaus.com\/en\/estampada\/batas-estampadas-para-educadora-panchitos-pa002\/","title":{"rendered":"Bata Panchitos PA002"},"content":{"rendered":"<ul>\n<li style=\"text-align: left;\">Talla: Unitalla.<\/li>\n<li style=\"text-align: left;\">Tirante: 2 tirantes que llevan integrados 2 botones para que puedas ajustar la altura de tu bata.<\/li>\n<li style=\"text-align: left;\">Color: Azul marino.<\/li>\n<li style=\"text-align: left;\">Incluye: Empaque individual | Morralito.<\/li>\n<li style=\"text-align: left;\">Cintas: 4 Jaretas (Cintas) Que permiten que la prenda se ajuste perfecto a tu cintura.<\/li>\n<li style=\"text-align: left;\">Bolsas:<br \/>\n1 Bolsa exterior amplia (doble carta)<br \/>\n1 Bolsa interior para celular con tapa.<br \/>\n1 Bolsa interior con tapa, para llaves o monedas.<\/li>\n<li style=\"text-align: left;\">Bot\u00f3n de seguridad.\u00a0 Nada se escapa de tu bolsa o bien, ninguna manita podr\u00e1 entrar f\u00e1cilmente sin que te des cuenta.<\/li>\n<\/ul>\n<p style=\"text-align: left;\"><strong>Nota:\u00a0<\/strong><\/p>\n<ul style=\"text-align: left;\">\n<li><strong>Todos los modelos que fabricamos, est\u00e1n dise\u00f1ados con un largo de cuerpo, que permite a la prenda llegar a 5 cm antes del inicio de la rodilla.<\/strong><\/li>\n<li><strong>Se ajust\u00f3 a una altura promedio de mujeres mexicanas, que es entre 1.50 y 1.65 m de altura.<\/strong><\/li>\n<\/ul>\n<p style=\"text-align: left;\"><strong><em>(Si t\u00fa tienes la dicha de medir m\u00e1s de 1.65 m y deseas que la prenda llegue 5 cm antes de tu rodilla, es necesario nos contactes para fabricarte la prenda con una medida m\u00e1s larga).<\/em><\/strong><\/p>\n<p>&nbsp;<\/p>\n<p>Esta secci\u00f3n puede ser de tu inter\u00e9s:<\/p>\n<h1><a href=\"https:\/\/shop.modaclaus.com\/en\/batas\/batas-para-educadoras\/\">batas estampadas para educadora<\/a><\/h1>","protected":false},"excerpt":{"rendered":"<h4 style=\"text-align: left;\">Cod.PA002<br \/>\nUNITALLA<\/h4>\n<div style=\"text-align: left;\">\n<p><strong>\u00a1Panchitos!\u00a0<\/strong><\/p>\n<p><strong>\u00bfConoces al famoso tr\u00edo Mexicano Los Panchos?<\/strong><\/p>\n<p>Un maravilloso tr\u00edo llev\u00f3 a lo alto de la m\u00fasica el folclore de M\u00e9xico.<br \/>\nUn tr\u00edo que cantaba al amor, pero particularmente a la felicidad.<\/p>\n<div><\/div>\n<div>\n<p>Esta hermosa bata lleva el nombre de <strong>&#8220;Panchitos&#8221;<\/strong> en honor a ellos, <strong>(aunque los Panchos eran tres, en nuestro dise\u00f1o, llego uno extra para dar armon\u00eda a la m\u00fasica).<\/strong><\/p>\n<p>Un fant\u00e1stico <strong>cuarteto\u00a0de Ranas<\/strong>, cantan alegremente en una bella laguna, donde el atardecer est\u00e1 por caer, y antes de que el \u00faltimo rayo de sol se disipe, ellos le cantan a todos los animales que viven en ese bello lugar, para terminar el d\u00eda con una gran sonrisa.<\/p>\n<\/div>\n<div><\/div>\n<div>\n<p>Un gran sombrero de charro les adorna e inspira a entonar una bella melod\u00eda.<\/p>\n<p>Acompa\u00f1ado de un magn\u00edfico saxof\u00f3n, tambor, guitarra y una grata voz que entona bellas canciones.<\/p>\n<\/div>\n<div><\/div>\n<div>Dise\u00f1ado en tonos fluorescentes, pasteles y toques de luz, hacen que estas <a href=\"https:\/\/shop.modaclaus.com\/en\/batas\/batas-para-educadoras\/\">batas estampadas para educadora<\/a> tenga tanto color, que llenar\u00e1n las pupilas de tus alumnas y alumnos.<br \/>\n<b><b>\u00a1Siempre llamar\u00e1s su atenci\u00f3n!<\/b><\/b><\/div>\n<\/div>\n<div style=\"text-align: left;\">\n<div>\n<p><strong>Altura de la modelo: 1.56 m<br \/>\nTalla de cintura: 7<\/strong><\/p>\n<\/div>\n<\/div>\n<div>\n<div style=\"text-align: left;\">\n<p>&nbsp;<\/p>\n<p><strong>Esta prenda la puedes adquirir:<\/strong><\/p>\n<\/div>\n<div>\n<p style=\"text-align: left;\"><strong>-Pagando a meses sin intereses (desde 6 hasta 12)<\/strong><br \/>\n<strong>-Pagando en 5 quincenas con tu cr\u00e9dito ZIP.<\/strong><\/p>\n<\/div>\n<\/div>","protected":false},"featured_media":13661,"comment_status":"open","ping_status":"closed","template":"","meta":{"_joinchat":[]},"product_brand":[],"product_cat":[125,111,109,117],"product_tag":[],"class_list":{"0":"post-13672","1":"product","2":"type-product","3":"status-publish","4":"has-post-thumbnail","6":"product_cat-estampada","7":"product_cat-educadora","8":"product_cat-bata","9":"product_cat-color-azul-marino","11":"first","12":"instock","13":"taxable","14":"shipping-taxable","15":"purchasable","16":"product-type-simple"},"_links":{"self":[{"href":"https:\/\/shop.modaclaus.com\/en\/wp-json\/wp\/v2\/product\/13672","targetHints":{"allow":["GET"]}}],"collection":[{"href":"https:\/\/shop.modaclaus.com\/en\/wp-json\/wp\/v2\/product"}],"about":[{"href":"https:\/\/shop.modaclaus.com\/en\/wp-json\/wp\/v2\/types\/product"}],"replies":[{"embeddable":true,"href":"https:\/\/shop.modaclaus.com\/en\/wp-json\/wp\/v2\/comments?post=13672"}],"version-history":[{"count":0,"href":"https:\/\/shop.modaclaus.com\/en\/wp-json\/wp\/v2\/product\/13672\/revisions"}],"wp:featuredmedia":[{"embeddable":true,"href":"https:\/\/shop.modaclaus.com\/en\/wp-json\/wp\/v2\/media\/13661"}],"wp:attachment":[{"href":"https:\/\/shop.modaclaus.com\/en\/wp-json\/wp\/v2\/media?parent=13672"}],"wp:term":[{"taxonomy":"product_brand","embeddable":true,"href":"https:\/\/shop.modaclaus.com\/en\/wp-json\/wp\/v2\/product_brand?post=13672"},{"taxonomy":"product_cat","embeddable":true,"href":"https:\/\/shop.modaclaus.com\/en\/wp-json\/wp\/v2\/product_cat?post=13672"},{"taxonomy":"product_tag","embeddable":true,"href":"https:\/\/shop.modaclaus.com\/en\/wp-json\/wp\/v2\/product_tag?post=13672"}],"curies":[{"name":"wp","href":"https:\/\/api.w.org\/{rel}","templated":true}]}}