{"id":13593,"date":"2022-04-22T20:34:45","date_gmt":"2022-04-23T01:34:45","guid":{"rendered":"https:\/\/shop.modaclaus.com\/?post_type=product&#038;p=13593"},"modified":"2023-10-20T19:34:30","modified_gmt":"2023-10-21T01:34:30","slug":"batas-de-maestras-chepetin-ch003","status":"publish","type":"product","link":"https:\/\/shop.modaclaus.com\/en\/estampada\/batas-de-maestras-chepetin-ch003\/","title":{"rendered":"Bata Chepet\u00edn CH003"},"content":{"rendered":"<ul>\n<li style=\"text-align: left;\">Talla: Unitalla.<\/li>\n<li style=\"text-align: left;\">Tirante: 2 tirantes que llevan integrados 2 botones para que puedas ajustar la altura de tu bata.<\/li>\n<li style=\"text-align: left;\">Color: Verde lim\u00f3n.<\/li>\n<li style=\"text-align: left;\">Incluye: Empaque individual | Morralito.<\/li>\n<li style=\"text-align: left;\">Cintas: 4 Jaretas (Cintas) Que permiten que la prenda se ajuste perfecto a tu cintura.<\/li>\n<li style=\"text-align: left;\">Bolsas:<br \/>\n1 Bolsa exterior amplia (doble carta)<br \/>\n1 Bolsa interior para celular con tapa.<br \/>\n1 Bolsa interior con tapa, para llaves o monedas.<\/li>\n<li style=\"text-align: left;\">Bot\u00f3n de seguridad.\u00a0 Nada se escapa de tu bolsa o bien, ninguna manita podr\u00e1 entrar f\u00e1cilmente sin que te des cuenta.<\/li>\n<\/ul>\n<p style=\"text-align: left;\"><strong>Nota:\u00a0<\/strong><\/p>\n<ul style=\"text-align: left;\">\n<li><strong>Todos los modelos que fabricamos, est\u00e1n dise\u00f1ados con un largo de cuerpo, que permite a la prenda llegar a 5 cm antes del inicio de la rodilla.<\/strong><\/li>\n<li><strong>Se ajust\u00f3 a una altura promedio de mujeres mexicanas, que es entre 1.50 y 1.65 m de altura.<\/strong><\/li>\n<\/ul>\n<p style=\"text-align: left;\"><strong><em>(Si t\u00fa tienes la dicha de medir m\u00e1s de 1.65 m y deseas que la prenda llegue 5 cm antes de tu rodilla, es necesario nos contactes para fabricarte la prenda a con una medida m\u00e1s larga).<\/em><\/strong><\/p>\n<p>&nbsp;<\/p>\n<p>Esta secci\u00f3n puede ser de tu inter\u00e9s:<\/p>\n<h1><a href=\"https:\/\/shop.modaclaus.com\/en\/batas\/batas-para-maestras\/\">Batas de maestras<\/a><\/h1>","protected":false},"excerpt":{"rendered":"<h4 style=\"text-align: left;\">Cod.CH001<br \/>\nUNITALLA<\/h4>\n<div style=\"text-align: left;\"><\/div>\n<div style=\"text-align: left;\">\n<p><strong>Chepet\u00edn&#8230; \u00bfTe suena conocido el nombre?<\/strong><\/p>\n<div>\n<p>Bien, pues te explico.\u00a0Este dise\u00f1o tiene un porqu\u00e9.<\/p>\n<p>Por la sierra de Sinaloa y Chihuahua, hay un gran tren tur\u00edstico que cruza por toda la sierra norte de M\u00e9xico, en direcci\u00f3n al Creel, que es un pueblo m\u00e1gico que est\u00e1 en el coraz\u00f3n de la sierra tarahumara, este maravilloso tren tiene el nombre de\u00a0 <b>&#8220;El Chepe&#8221;.<\/b><\/p>\n<p>De ah\u00ed nace el nombre de la l\u00ednea <b>Chepet\u00edn<\/b>, pero particularmente <b>nuestro bello tren,<\/b> no lleva personas como pasajeros, l<b>leva unos bellos juguetes t\u00edpicos de M\u00e9xico.<\/b><\/p>\n<\/div>\n<div>\n<p>Un Yoyo, un balero, un trompo, una matraca y un fant\u00e1stico tamborcito, son los que\u00a0 disfrutan del paisaje y del viaje con Chepet\u00edn.<\/p>\n<p>Este modelo ser\u00e1 sin duda un foco de atenci\u00f3n de todas tus alumnas y alumnos.<br \/>\nUn lago lleno de animalitos, adorna el puente donde cruza &#8220;Chepet\u00edn&#8221; y sus importantes pasajeros.<\/p>\n<\/div>\n<div><\/div>\n<div>\n<p>Todos los modelos de\u00a0<a href=\"https:\/\/shop.modaclaus.com\/en\/batas\/batas-para-educadoras\/\">batas para educadora bonitas<\/a> que fabricamos, se ajustan perfectamente a cualquier tipo de cuerpo. <strong>No hay talla.<\/strong><\/p>\n<p><strong>Altura de la modelos: 1.56 m y 1.74<br \/>\nTalla de cintura: 5 y 14<\/strong><\/p>\n<\/div>\n<\/div>\n<div>\n<div style=\"text-align: left;\">\n<p>&nbsp;<\/p>\n<p><strong>Esta prenda la puedes adquirir:<\/strong><\/p>\n<\/div>\n<div>\n<p style=\"text-align: left;\"><strong>-Pagando a meses sin intereses (desde 6 hasta 12)<\/strong><br \/>\n<strong>-Pagando en 5 quincenas con tu cr\u00e9dito ZIP.<\/strong><\/p>\n<\/div>\n<\/div>","protected":false},"featured_media":13579,"comment_status":"open","ping_status":"closed","template":"","meta":{"_joinchat":[]},"product_brand":[],"product_cat":[125,109,116,111],"product_tag":[],"class_list":{"0":"post-13593","1":"product","2":"type-product","3":"status-publish","4":"has-post-thumbnail","6":"product_cat-estampada","7":"product_cat-bata","8":"product_cat-color-verde","9":"product_cat-educadora","11":"first","12":"outofstock","13":"taxable","14":"shipping-taxable","15":"purchasable","16":"product-type-simple"},"_links":{"self":[{"href":"https:\/\/shop.modaclaus.com\/en\/wp-json\/wp\/v2\/product\/13593","targetHints":{"allow":["GET"]}}],"collection":[{"href":"https:\/\/shop.modaclaus.com\/en\/wp-json\/wp\/v2\/product"}],"about":[{"href":"https:\/\/shop.modaclaus.com\/en\/wp-json\/wp\/v2\/types\/product"}],"replies":[{"embeddable":true,"href":"https:\/\/shop.modaclaus.com\/en\/wp-json\/wp\/v2\/comments?post=13593"}],"version-history":[{"count":0,"href":"https:\/\/shop.modaclaus.com\/en\/wp-json\/wp\/v2\/product\/13593\/revisions"}],"wp:featuredmedia":[{"embeddable":true,"href":"https:\/\/shop.modaclaus.com\/en\/wp-json\/wp\/v2\/media\/13579"}],"wp:attachment":[{"href":"https:\/\/shop.modaclaus.com\/en\/wp-json\/wp\/v2\/media?parent=13593"}],"wp:term":[{"taxonomy":"product_brand","embeddable":true,"href":"https:\/\/shop.modaclaus.com\/en\/wp-json\/wp\/v2\/product_brand?post=13593"},{"taxonomy":"product_cat","embeddable":true,"href":"https:\/\/shop.modaclaus.com\/en\/wp-json\/wp\/v2\/product_cat?post=13593"},{"taxonomy":"product_tag","embeddable":true,"href":"https:\/\/shop.modaclaus.com\/en\/wp-json\/wp\/v2\/product_tag?post=13593"}],"curies":[{"name":"wp","href":"https:\/\/api.w.org\/{rel}","templated":true}]}}