{"id":13555,"date":"2022-04-21T19:24:22","date_gmt":"2022-04-22T00:24:22","guid":{"rendered":"https:\/\/shop.modaclaus.com\/?post_type=product&#038;p=13555"},"modified":"2024-06-12T14:13:56","modified_gmt":"2024-06-12T20:13:56","slug":"mandil-para-educadoras-decorado-tecolin-tc002","status":"publish","type":"product","link":"https:\/\/shop.modaclaus.com\/en\/educadora\/mandil-para-educadoras-decorado-tecolin-tc002\/","title":{"rendered":"Mandil Tecol\u00edn TC002"},"content":{"rendered":"<ul>\n<li>Talla: Unitalla.<\/li>\n<li style=\"text-align: left;\">Tirante: <b><i>Este modelo no lleva tirantes.<\/i><\/b> La solapa cubre desde la base de tu cuello, al inicio de tu hombro.<\/li>\n<li style=\"text-align: left;\">Color: Morado, con vivos en rosa fiusha.<\/li>\n<li style=\"text-align: left;\">Incluye: Empaque individual | Morralito.<\/li>\n<li style=\"text-align: left;\">Cintas: 4 Jaretas (Cintas) Que permiten que la prenda se ajuste perfecto a tu cintura.<\/li>\n<li style=\"text-align: left;\">Bolsas:<br \/>\n1 Bolsa exterior amplia (doble carta)<br \/>\n1 Bolsa interior para celular con tapa.<br \/>\n1 Bolsa interior con tapa, para llaves o monedas.<\/li>\n<li style=\"text-align: left;\">Bot\u00f3n de seguridad.\u00a0 Nada se escapa de tu bolsa o bien, ninguna manita podr\u00e1 entrar f\u00e1cilmente sin que te des cuenta.<\/li>\n<\/ul>\n<p><strong>Nota:\u00a0<\/strong><\/p>\n<ul>\n<li><strong>Todos los modelos que fabricamos, est\u00e1n dise\u00f1ados con un largo de cuerpo, que permite a la prenda llegar a 5 cm antes del inicio de la rodilla.<\/strong><\/li>\n<li><strong>Se ajust\u00f3 a una altura promedio de mujeres mexicanas, que es entre 1.50 y 1.65 m de altura.<\/strong><\/li>\n<\/ul>\n<p><strong><em>(Si t\u00fa tienes la dicha de medir m\u00e1s de 1.65 m y deseas que la prenda llegue 5 cm antes de tu rodilla, es necesario nos contactes para fabricarte la prenda a una medida m\u00e1s larga).<\/em><\/strong><\/p>\n<p>&nbsp;<\/p>\n<p>Esta secci\u00f3n puede ser de tu inter\u00e9s:<\/p>\n<h1><a href=\"https:\/\/shop.modaclaus.com\/en\/mandiles\/mandil-para-educadora\/\">Mandil para educadoras decorado<\/a><\/h1>","protected":false},"excerpt":{"rendered":"<h4 style=\"text-align: left;\">Cod.TC002<br \/>\nUNITALLA<\/h4>\n<div style=\"text-align: left;\"><\/div>\n<div style=\"text-align: left;\">\n<p><b>\u00bfDe d\u00f3nde se nos ocurre ponerle el nombre de Tecol\u00edn a esta l\u00ednea?<\/b><\/p>\n<div>Bien, te explico&#8230;<\/div>\n<div>\n<p><strong>En nuestro bello M\u00e9xico<\/strong>, en la cultura prehisp\u00e1nica, al &#8220;b\u00faho&#8221;, le dec\u00edan <b>Tecolotl<\/b>.<\/p>\n<p>Ellos lo relacionaban con los dioses del inframundo sin inframundo.\u00a0 As\u00ed que, por ese motivo, nuestra l\u00ednea de <a href=\"https:\/\/shop.modaclaus.com\/en\/mandiles\/mandil-para-educadora\/\">mandiles para educadora<\/a> Tecol\u00edn lleva ese nombre.<\/p>\n<p>No quisimos ponerle b\u00faho. Como te abras dado cuenta, en Claus nos inspiramos mucho en las tradiciones de M\u00e9xico.<\/p>\n<\/div>\n<div>\n<p>Este bello estampado plasma a varios Tecolotes, ellos representan las asignaturas acad\u00e9micas que todas las ni\u00f1as y ni\u00f1os desarrollan en su etapa preescolar.<\/p>\n<\/div>\n<div><strong>Tecolote Verde: Educaci\u00f3n Socioemocional<\/strong><br \/>\n<strong>Tecolote Naranja: Exploraci\u00f3n y comprensi\u00f3n del mundo natural<\/strong><br \/>\n<strong>Tecolote morado: Lenguaje y comunicaci\u00f3n<\/strong><br \/>\n<strong>Tecolote azul: Artes<\/strong><br \/>\n<strong>Tecolote rosa: Pensamiento Matem\u00e1tico<\/strong><\/div>\n<div>\n<p><strong>Tecolote amarillo: Educaci\u00f3n f\u00edsica.<\/strong><\/p>\n<p>Claro, <b>nosotras no somos expertas como t\u00fa<\/b>, pero hacemos todo lo posible para que las prendas que fabricamos para ti, tengan un apoyo visual para tus estudiantes y que tambi\u00e9n sean un distintivo de tu bella profesi\u00f3n.<\/p>\n<\/div>\n<\/div>\n<div>\n<p style=\"text-align: left;\"><strong><br \/>\nAltura de las modelos: 1.70 m y 1.74 m<\/strong><\/p>\n<p style=\"text-align: left;\"><strong>Esta prenda la puedes adquirir:<\/strong><br \/>\n<strong>-Pagando a meses sin intereses (desde 6 hasta 12)<\/strong><br \/>\n<strong>-Pagando en 5 quincenas con tu cr\u00e9dito ZIP.<\/strong><\/p>\n<\/div>","protected":false},"featured_media":13545,"comment_status":"open","ping_status":"closed","template":"","meta":{"_joinchat":[]},"product_brand":[],"product_cat":[111,115,125,110],"product_tag":[],"class_list":{"0":"post-13555","1":"product","2":"type-product","3":"status-publish","4":"has-post-thumbnail","6":"product_cat-educadora","7":"product_cat-color-morado","8":"product_cat-estampada","9":"product_cat-mandil","11":"first","12":"outofstock","13":"sale","14":"taxable","15":"shipping-taxable","16":"purchasable","17":"product-type-simple"},"_links":{"self":[{"href":"https:\/\/shop.modaclaus.com\/en\/wp-json\/wp\/v2\/product\/13555","targetHints":{"allow":["GET"]}}],"collection":[{"href":"https:\/\/shop.modaclaus.com\/en\/wp-json\/wp\/v2\/product"}],"about":[{"href":"https:\/\/shop.modaclaus.com\/en\/wp-json\/wp\/v2\/types\/product"}],"replies":[{"embeddable":true,"href":"https:\/\/shop.modaclaus.com\/en\/wp-json\/wp\/v2\/comments?post=13555"}],"version-history":[{"count":0,"href":"https:\/\/shop.modaclaus.com\/en\/wp-json\/wp\/v2\/product\/13555\/revisions"}],"wp:featuredmedia":[{"embeddable":true,"href":"https:\/\/shop.modaclaus.com\/en\/wp-json\/wp\/v2\/media\/13545"}],"wp:attachment":[{"href":"https:\/\/shop.modaclaus.com\/en\/wp-json\/wp\/v2\/media?parent=13555"}],"wp:term":[{"taxonomy":"product_brand","embeddable":true,"href":"https:\/\/shop.modaclaus.com\/en\/wp-json\/wp\/v2\/product_brand?post=13555"},{"taxonomy":"product_cat","embeddable":true,"href":"https:\/\/shop.modaclaus.com\/en\/wp-json\/wp\/v2\/product_cat?post=13555"},{"taxonomy":"product_tag","embeddable":true,"href":"https:\/\/shop.modaclaus.com\/en\/wp-json\/wp\/v2\/product_tag?post=13555"}],"curies":[{"name":"wp","href":"https:\/\/api.w.org\/{rel}","templated":true}]}}