{"id":13499,"date":"2022-04-20T21:11:20","date_gmt":"2022-04-21T02:11:20","guid":{"rendered":"https:\/\/shop.modaclaus.com\/?post_type=product&#038;p=13499"},"modified":"2026-01-29T14:21:29","modified_gmt":"2026-01-29T20:21:29","slug":"mandil-para-maestras-de-kinder-fantasy-f1534","status":"publish","type":"product","link":"https:\/\/shop.modaclaus.com\/en\/mandil-para-maestras-de-kinder-fantasy-f1534\/","title":{"rendered":"Mandil Fantasy F1534"},"content":{"rendered":"<ul>\n<li>Talla: Unitalla.<\/li>\n<li style=\"text-align: left;\">Tirante: <b><i>Este modelo no lleva tirantes.<\/i><\/b> La solapa cubre desde la base de tu cuello al inicio de tu hombro.<\/li>\n<li style=\"text-align: left;\">Color: Azul turquesa y verde.<\/li>\n<li style=\"text-align: left;\">Incluye: Empaque individual | Morralito.<\/li>\n<li style=\"text-align: left;\">Cintas: 4 Jaretas (Cintas) Que permiten que la prenda se ajuste perfecto a tu cintura.<\/li>\n<li style=\"text-align: left;\">Bolsas:<br \/>\n1 Bolsa exterior amplia (doble carta)<br \/>\n1 Bolsa interior para celular con tapa.<br \/>\n1 Bolsa interior con tapa, para llaves o monedas.<\/li>\n<li style=\"text-align: left;\">Bot\u00f3n de seguridad.\u00a0 Nada se escapa de tu bolsa o bien, ninguna manita podr\u00e1 entrar f\u00e1cilmente sin que te des cuenta.<\/li>\n<\/ul>\n<p><strong>Nota:\u00a0<\/strong><\/p>\n<ul>\n<li><strong>Todos los modelos que fabricamos, est\u00e1n dise\u00f1ados con un largo de cuerpo, que permite a la prenda llegar a 5 cm antes del inicio de la rodilla.<\/strong><\/li>\n<li><strong>Se ajust\u00f3 a una altura promedio de mujeres mexicanas, que es entre 1.50 y 1.65 m de altura.<\/strong><\/li>\n<\/ul>\n<p><strong><em>(Si t\u00fa tienes la dicha de medir m\u00e1s de 1.65 m y deseas que la prenda llegue 5 cm antes de tu rodilla, es necesario nos contactes para fabricarte la prenda a con una medida m\u00e1s larga).<\/em><\/strong><\/p>\n<p>&nbsp;<\/p>\n<p>Esta secci\u00f3n puede ser de tu inter\u00e9s:<\/p>\n<h1><a href=\"https:\/\/shop.modaclaus.com\/en\/mandiles\/mandil-para-maestra\/\">Mandil para Maestra de Kinder<\/a><\/h1>","protected":false},"excerpt":{"rendered":"<h4 style=\"text-align: left;\">Cod.F1534<br \/>\nUNITALLA<\/h4>\n<div style=\"text-align: left;\"><\/div>\n<div style=\"text-align: left;\">\n<p>La l\u00ednea Fantasy forma parte de nuestro inicio, por ese motivo sigue en nuestro cat\u00e1logo.<\/p>\n<div>\n<p><strong>Es un modelo que tiene un gran diferencial, \u00a1su l\u00e1piz!<\/strong><\/p>\n<p>Fue toda una aventura ajustar este molde, el l\u00e1piz deb\u00eda tener una figura al entorno del cuello, lo cual nos gener\u00f3 muchas complicaciones, pero el resultado final fue incre\u00edble.<\/p>\n<\/div>\n<div>Todas las l\u00edneas de <a href=\"https:\/\/shop.modaclaus.com\/en\/mandiles\/mandil-para-maestra\/\">mandil para maestras de k\u00ednder<\/a> que hicimos para ti, estamos convencidas, que al llevarlo puesto,<strong> lucir\u00e1s superlinda.<br \/>\n<\/strong><br \/>\nVivos en color verde y azul turquesa.<br \/>\nEstampado con art\u00edculos escolares y deportivos.<\/div>\n<div><\/div>\n<h5>Psicolog\u00eda del color:<\/h5>\n<div>El significado del color rosa evoca un sentido de <strong>tranquilidad y\u00a0optimismo<\/strong><\/div>\n<div><\/div>\n<\/div>\n<div>\n<p style=\"text-align: left;\"><strong><br \/>\nAltura de la modelo: 1.70 m<\/strong><\/p>\n<p style=\"text-align: left;\"><strong>Esta prenda la puedes adquirir:<\/strong><br \/>\n<strong>-Pagando a meses sin intereses (desde 6 hasta 12)<\/strong><br \/>\n<strong>-Pagando en 5 quincenas con tu cr\u00e9dito ZIP.<\/strong><\/p>\n<\/div>","protected":false},"featured_media":13497,"comment_status":"open","ping_status":"closed","template":"","meta":{"_joinchat":[]},"product_brand":[],"product_cat":[111,114,125,112,110],"product_tag":[],"class_list":{"0":"post-13499","1":"product","2":"type-product","3":"status-publish","4":"has-post-thumbnail","6":"product_cat-educadora","7":"product_cat-color-rosa","8":"product_cat-estampada","9":"product_cat-maestra","10":"product_cat-mandil","12":"first","13":"instock","14":"taxable","15":"shipping-taxable","16":"purchasable","17":"product-type-simple"},"_links":{"self":[{"href":"https:\/\/shop.modaclaus.com\/en\/wp-json\/wp\/v2\/product\/13499","targetHints":{"allow":["GET"]}}],"collection":[{"href":"https:\/\/shop.modaclaus.com\/en\/wp-json\/wp\/v2\/product"}],"about":[{"href":"https:\/\/shop.modaclaus.com\/en\/wp-json\/wp\/v2\/types\/product"}],"replies":[{"embeddable":true,"href":"https:\/\/shop.modaclaus.com\/en\/wp-json\/wp\/v2\/comments?post=13499"}],"version-history":[{"count":0,"href":"https:\/\/shop.modaclaus.com\/en\/wp-json\/wp\/v2\/product\/13499\/revisions"}],"wp:featuredmedia":[{"embeddable":true,"href":"https:\/\/shop.modaclaus.com\/en\/wp-json\/wp\/v2\/media\/13497"}],"wp:attachment":[{"href":"https:\/\/shop.modaclaus.com\/en\/wp-json\/wp\/v2\/media?parent=13499"}],"wp:term":[{"taxonomy":"product_brand","embeddable":true,"href":"https:\/\/shop.modaclaus.com\/en\/wp-json\/wp\/v2\/product_brand?post=13499"},{"taxonomy":"product_cat","embeddable":true,"href":"https:\/\/shop.modaclaus.com\/en\/wp-json\/wp\/v2\/product_cat?post=13499"},{"taxonomy":"product_tag","embeddable":true,"href":"https:\/\/shop.modaclaus.com\/en\/wp-json\/wp\/v2\/product_tag?post=13499"}],"curies":[{"name":"wp","href":"https:\/\/api.w.org\/{rel}","templated":true}]}}