{"id":13446,"date":"2022-04-19T18:09:58","date_gmt":"2022-04-19T23:09:58","guid":{"rendered":"https:\/\/shop.modaclaus.com\/?post_type=product&#038;p=13446"},"modified":"2026-04-22T14:51:36","modified_gmt":"2026-04-22T20:51:36","slug":"imagenes-de-batas-para-educadoras-rainbow-0833","status":"publish","type":"product","link":"https:\/\/shop.modaclaus.com\/en\/imagenes-de-batas-para-educadoras-rainbow-0833\/","title":{"rendered":"Bata Rainbow RI0833"},"content":{"rendered":"<h5 style=\"text-align: left;\">Modelo Rainbow<br \/>\nUNITALLA<\/h5>\n<div>\n<ul style=\"text-align: left;\">\n<li style=\"text-align: left;\">Talla: Unitalla.<\/li>\n<li style=\"text-align: left;\">Tirante: 2 tirantes que llevan integrados 2 botones para que puedas ajustar la altura de tu bata.<\/li>\n<li style=\"text-align: left;\">Colores: Vivos en verde lim\u00f3n y azul turquesa.<\/li>\n<li style=\"text-align: left;\">Incluye: Empaque individual | Morralito.<\/li>\n<li style=\"text-align: left;\">Cintas: 4 Jaretas (Cintas) Que permiten que la prenda se ajuste perfecto a tu cintura.<\/li>\n<li style=\"text-align: left;\">Bolsas:<br \/>\n1 Bolsa exterior mediana (T.carta).<br \/>\n1 Bolsa interior para celular.<\/li>\n<\/ul>\n<p><strong>Nota:\u00a0<\/strong><\/p>\n<ul>\n<li><strong>Todos los modelos que fabricamos, est\u00e1n dise\u00f1ados con un largo de cuerpo, que permite a la prenda llegar a 5 cm antes del inicio de la rodilla.<\/strong><\/li>\n<li><strong>Se ajust\u00f3 a una altura promedio de mujeres mexicanas, que es entre 1.50 y 1.65 m de altura.<\/strong><\/li>\n<\/ul>\n<p><strong><em>(Si t\u00fa tienes la dicha de medir m\u00e1s de 1.65 m y deseas que la prenda llegue 5 cm antes de tu rodilla, es necesario nos contactes para fabricarte la prenda a con una medida m\u00e1s larga).<\/em><\/strong><\/p>\n<\/div>\n<p>&nbsp;<\/p>\n<p>Est\u00e1 secci\u00f3n puede ser de tu inter\u00e9s \u2b07\ufe0f:<\/p>\n<div>\n<h1>\u00bf <a href=\"https:\/\/shop.modaclaus.com\/en\/batas\/batas-para-educadoras\/\">imagenes de batas para educadoras<\/a> ?<\/h1>\n<\/div>","protected":false},"excerpt":{"rendered":"<h4 style=\"text-align: left;\"><strong>Cod.RI0833<\/strong><br \/>\n<strong>Unitalla<\/strong><\/h4>\n<p style=\"text-align: left;\">\u00bfPira\u00f1a? \u00bfPez? \u00bfO un monstruo del mar?<\/p>\n<div style=\"text-align: left;\">\n<p>Caray, es algo que nunca hemos podido descifrar. Quisimos hacer un pez amigable con dientes, pero al final est\u00e9 se convirti\u00f3 en algo muy diferente.<\/p>\n<p>Bueno, t\u00fa podr\u00e1s darle personalidad a este bello personaje.<\/p>\n<\/div>\n<div style=\"text-align: left;\"><\/div>\n<div style=\"text-align: left;\">\n<p>Bajo del mar encontramos una gran variedad de seres vivos, plantas y lleno de multicolores.<\/p>\n<p>Un gran fondo azul, rodeado de algas marinas, arrecifes y contrastes de luz, son los que llena de armon\u00eda este bella <a href=\"https:\/\/shop.modaclaus.com\/en\/batas\/batas-para-educadoras\/\">bata para educadora<\/a>.<\/p>\n<\/div>\n<div style=\"text-align: left;\"><\/div>\n<div style=\"text-align: left;\">\n<p><strong>Como se dice, el verde es vida, y eso es lo que deseamos que trasmitas a todas tus alumnas y alumnos.<\/strong><\/p>\n<\/div>\n<div style=\"text-align: left;\"><\/div>\n<h5 style=\"text-align: left;\">Psicolog\u00eda del color Verde:<\/h5>\n<div style=\"text-align: left;\">El color asociado a la naturaleza tambi\u00e9n lo es a la sanaci\u00f3n y curaci\u00f3n, a la frescura. Adem\u00e1s, tal y como dice la tradici\u00f3n, el verde\u00a0<strong>es tambi\u00e9n el color de la esperanza, el optimismo y la buena suerte<\/strong>.<\/div>\n<div><\/div>\n<p style=\"text-align: left;\">Las <a href=\"https:\/\/shop.modaclaus.com\/en\/batas\/batas-para-maestras\/\">batas escolares para maestras<\/a> que fabricamos para ti, siempre har\u00e1n juego con tu estilo de trabajo.<\/p>\n<p style=\"text-align: left;\"><strong>Altura de la modelo: 1.68 m<\/strong><\/p>\n<p style=\"text-align: left;\"><strong>Esta prenda la puedes adquirir:<\/strong><br \/>\n<strong>-Pagando a meses sin intereses (desde 6 hasta 12)<\/strong><br \/>\n<strong>-Pagando en 5 quincenas con tu cr\u00e9dito ZIP.<\/strong><\/p>","protected":false},"featured_media":13444,"comment_status":"open","ping_status":"closed","template":"","meta":{"_joinchat":[]},"product_brand":[],"product_cat":[109,116,111,125],"product_tag":[],"class_list":{"0":"post-13446","1":"product","2":"type-product","3":"status-publish","4":"has-post-thumbnail","6":"product_cat-bata","7":"product_cat-color-verde","8":"product_cat-educadora","9":"product_cat-estampada","11":"first","12":"outofstock","13":"taxable","14":"shipping-taxable","15":"purchasable","16":"product-type-simple"},"_links":{"self":[{"href":"https:\/\/shop.modaclaus.com\/en\/wp-json\/wp\/v2\/product\/13446","targetHints":{"allow":["GET"]}}],"collection":[{"href":"https:\/\/shop.modaclaus.com\/en\/wp-json\/wp\/v2\/product"}],"about":[{"href":"https:\/\/shop.modaclaus.com\/en\/wp-json\/wp\/v2\/types\/product"}],"replies":[{"embeddable":true,"href":"https:\/\/shop.modaclaus.com\/en\/wp-json\/wp\/v2\/comments?post=13446"}],"version-history":[{"count":1,"href":"https:\/\/shop.modaclaus.com\/en\/wp-json\/wp\/v2\/product\/13446\/revisions"}],"predecessor-version":[{"id":27955,"href":"https:\/\/shop.modaclaus.com\/en\/wp-json\/wp\/v2\/product\/13446\/revisions\/27955"}],"wp:featuredmedia":[{"embeddable":true,"href":"https:\/\/shop.modaclaus.com\/en\/wp-json\/wp\/v2\/media\/13444"}],"wp:attachment":[{"href":"https:\/\/shop.modaclaus.com\/en\/wp-json\/wp\/v2\/media?parent=13446"}],"wp:term":[{"taxonomy":"product_brand","embeddable":true,"href":"https:\/\/shop.modaclaus.com\/en\/wp-json\/wp\/v2\/product_brand?post=13446"},{"taxonomy":"product_cat","embeddable":true,"href":"https:\/\/shop.modaclaus.com\/en\/wp-json\/wp\/v2\/product_cat?post=13446"},{"taxonomy":"product_tag","embeddable":true,"href":"https:\/\/shop.modaclaus.com\/en\/wp-json\/wp\/v2\/product_tag?post=13446"}],"curies":[{"name":"wp","href":"https:\/\/api.w.org\/{rel}","templated":true}]}}