{"id":13326,"date":"2022-04-18T11:59:32","date_gmt":"2022-04-18T16:59:32","guid":{"rendered":"https:\/\/shop.modaclaus.com\/?post_type=product&#038;p=13326"},"modified":"2026-04-29T17:19:48","modified_gmt":"2026-04-29T23:19:48","slug":"playeras-para-educadoras-polo-jirafa","status":"publish","type":"product","link":"https:\/\/shop.modaclaus.com\/en\/playeras-para-educadoras-polo-jirafa\/","title":{"rendered":"Playeras para Educadoras | Mod. Jirafa"},"content":{"rendered":"<h4 style=\"text-align: left;\"><a href=\"https:\/\/shop.modaclaus.com\/en\/playeras-para-maestras\/\">PLAYERAS PARA EDUCADORAS<\/a><\/h4>\n<p>Tallas: Chica hasta 4XL<br \/>\n(Molde talla &#8220;Mujer latina&#8221;)<\/p>\n<div style=\"text-align: left;\">\n<h4>Composici\u00f3n Tela:<\/h4>\n<ul>\n<li>Microfibra de tejido abierto, tela que transpira.<\/li>\n<li>Permite la circulaci\u00f3n de aire hacia tu piel, tu cuerpo siempre se mantendr\u00e1 fresco.<\/li>\n<li>\u00a070% Hilo viscoso suave 30% algod\u00f3n<\/li>\n<\/ul>\n<h5>Estampado:<\/h5>\n<p>Impreso al alto calor. Permite que puedas plancharlo de manera directa y este no perder\u00e1 su brillo y color.<\/p>\n<h5>Costuras:<\/h5>\n<p>La prenda se confecciona al 100% con hilo de algod\u00f3n. Permite mayor durabilidad al paso del tiempo.<\/p>\n<\/div>\n<h5 style=\"text-align: left;\">Empaque:<\/h5>\n<p style=\"text-align: left;\">Incluye un pr\u00e1ctico morralito, para que puedas llevar tu playera a cualquier lugar.<\/p>\n<h5>Forma de lavado:<\/h5>\n<div>Podr\u00e1s lavarla diariamente y no perder\u00e1 su color o forma.<\/div>\n<div>No usar m\u00e1quina secadora de gas.<\/div>\n<div><\/div>\n<p><strong>Cuidado de tu Elegante\u00a0<a href=\"https:\/\/shop.modaclaus.com\/en\/playeras-para-maestras\/\">Playera para Maestra Polo<\/a>: \ud83c\udf1e\ud83d\udc55<\/strong><\/p>\n<p>\u00a1Queremos que tu nueva playera para maestra luzca impecable siempre! Sigue estos consejos:<\/p>\n<ol>\n<li><strong>Secado al Aire Libre:<\/strong>\u00a0Despu\u00e9s de lavarla, deja que tu playera se seque naturalmente al aire libre. Esto prolongar\u00e1 la vida de las fibras y mantendr\u00e1 la frescura de la prenda.<\/li>\n<li><strong>Voltea la Playera:<\/strong>\u00a0Al tenderla, aseg\u00farate de voltear la playera. As\u00ed, la luz del sol no impactar\u00e1 directamente en el estampado, manteniendo la intensidad de los colores por m\u00e1s tiempo.<\/li>\n<\/ol>\n<p>Con estos simples pasos, \u00a1tu playera estar\u00e1 lista para destacar con estilo en cada ocasi\u00f3n! \ud83c\udf08\u2728\u00a0<strong>\u00a1Gracias por elegir Claus!<\/strong><\/p>","protected":false},"excerpt":{"rendered":"<div style=\"text-align: left;\">\n<h5>Playeras para Educadoras<br \/>\nTipo: Polo<br \/>\nModelo : Jirafa<\/h5>\n<h5>Cod. PD-0123<br \/>\nTallas: Chica hasta 4XL<br \/>\n(Molde talla &#8220;Mujer latina&#8221;)<\/h5>\n<p>&#8220;\u00danete a la celebraci\u00f3n m\u00e1s encantadora con nuestra <a href=\"https:\/\/shop.modaclaus.com\/en\/playeras-para-maestras\/\">playera polo<\/a>, donde una Jirafa alegre, un Conejo juguet\u00f3n y un Osito cari\u00f1oso protagonizan una fiesta de cumplea\u00f1os inolvidable. Rodeados de regalos, pasteles y una lluvia de flores, estos inseparables amigos te invitan a ser parte de su mundo m\u00e1gico.<\/p>\n<p>Esta playera, con su estampado lleno de armon\u00eda y alegr\u00eda, es la perfecta representaci\u00f3n de la festividad. <strong>Su paleta en tonos pasteles, acentuada con un vibrante rosa fucsia, crea un fondo que realza el dise\u00f1o, asegurando que captures todas las miradas.<\/strong><\/p>\n<p>Al vestir esta prenda, reflejar\u00e1s amor, serenidad y amistad, cualidades esenciales de una educadora excepcional. Es ideal para combinarse con nuestras variadas <a href=\"https:\/\/shop.modaclaus.com\/en\/batas\/batas-para-maestras\/\">batas para maestras<\/a> o para lucirla sola con unos c\u00f3modos jeans y tenis, adapt\u00e1ndose perfectamente a tu estilo personal y profesional.<\/p>\n<p>Dise\u00f1ada especialmente para maestras de preescolar y primaria, esta playera es m\u00e1s que una prenda; es un complemento a tu identidad en el aula.<\/p>\n<p><strong>Informaci\u00f3n Adicional:<\/strong><\/p>\n<ul>\n<li><span style=\"color: #ff0000;\">Consulta nuestra GU\u00cdA DE TALLAS para encontrar tu ajuste ideal y asegurarte de que la prenda te quede a la perfecci\u00f3n.<\/span><\/li>\n<li>Modelo: Altura 1.74 m, viste talla Mediana, cintura 7.<\/li>\n<\/ul>\n<p>Viste con Claus y lleva la alegr\u00eda de ense\u00f1ar en cada detalle. \ud83d\udc9c<\/p>\n<\/div>\n<div>\n<div>\n<p style=\"text-align: left;\">\n<\/div>\n<\/div>","protected":false},"featured_media":13337,"comment_status":"open","ping_status":"closed","template":"","meta":{"_joinchat":{"message_text":"\u00bfTe imaginas como lucir\u00e1s con esa bella Polo? Dale un cambio a tu look en el sal\u00f3n de clases.","message_send":"\u00a1Hola! \ud83d\ude03Estoy navegando en la web y me interesa este modelo: {PRODUCT}"}},"product_brand":[],"product_cat":[113,111,112],"product_tag":[],"class_list":{"0":"post-13326","1":"product","2":"type-product","3":"status-publish","4":"has-post-thumbnail","6":"product_cat-playeras","7":"product_cat-educadora","8":"product_cat-maestra","10":"first","11":"instock","12":"taxable","13":"shipping-taxable","14":"purchasable","15":"product-type-variable"},"_links":{"self":[{"href":"https:\/\/shop.modaclaus.com\/en\/wp-json\/wp\/v2\/product\/13326","targetHints":{"allow":["GET"]}}],"collection":[{"href":"https:\/\/shop.modaclaus.com\/en\/wp-json\/wp\/v2\/product"}],"about":[{"href":"https:\/\/shop.modaclaus.com\/en\/wp-json\/wp\/v2\/types\/product"}],"replies":[{"embeddable":true,"href":"https:\/\/shop.modaclaus.com\/en\/wp-json\/wp\/v2\/comments?post=13326"}],"version-history":[{"count":1,"href":"https:\/\/shop.modaclaus.com\/en\/wp-json\/wp\/v2\/product\/13326\/revisions"}],"predecessor-version":[{"id":26656,"href":"https:\/\/shop.modaclaus.com\/en\/wp-json\/wp\/v2\/product\/13326\/revisions\/26656"}],"wp:featuredmedia":[{"embeddable":true,"href":"https:\/\/shop.modaclaus.com\/en\/wp-json\/wp\/v2\/media\/13337"}],"wp:attachment":[{"href":"https:\/\/shop.modaclaus.com\/en\/wp-json\/wp\/v2\/media?parent=13326"}],"wp:term":[{"taxonomy":"product_brand","embeddable":true,"href":"https:\/\/shop.modaclaus.com\/en\/wp-json\/wp\/v2\/product_brand?post=13326"},{"taxonomy":"product_cat","embeddable":true,"href":"https:\/\/shop.modaclaus.com\/en\/wp-json\/wp\/v2\/product_cat?post=13326"},{"taxonomy":"product_tag","embeddable":true,"href":"https:\/\/shop.modaclaus.com\/en\/wp-json\/wp\/v2\/product_tag?post=13326"}],"curies":[{"name":"wp","href":"https:\/\/api.w.org\/{rel}","templated":true}]}}