{"id":13296,"date":"2022-04-14T18:32:42","date_gmt":"2022-04-14T23:32:42","guid":{"rendered":"https:\/\/shop.modaclaus.com\/?post_type=product&#038;p=13296"},"modified":"2026-02-20T15:52:14","modified_gmt":"2026-02-20T21:52:14","slug":"playeras-para-maestras-de-preescolar-polo-dinos","status":"publish","type":"product","link":"https:\/\/shop.modaclaus.com\/en\/playeras\/playeras-para-maestras-de-preescolar-polo-dinos\/","title":{"rendered":"Playeras para Maestras de Preescolar | Mod.Dinos"},"content":{"rendered":"<h3><a href=\"https:\/\/shop.modaclaus.com\/en\/playeras-para-maestras\/\">PLAYERAS PARA MAESTRAS DE PREESCOLAR<\/a><\/h3>\n<h4 style=\"text-align: left;\">Tallas: Chica hasta 4XL<br \/>\n(Molde talla &#8220;Mujer latina&#8221;)<\/h4>\n<div style=\"text-align: left;\">\n<h4>Composici\u00f3n Tela:<\/h4>\n<ul>\n<li>Microfibra de tejido abierto, tela que transpira.<\/li>\n<li>Permite la circulaci\u00f3n de aire hacia tu piel, tu cuerpo siempre se mantendr\u00e1 fresco.<\/li>\n<li>\u00a070% Hilo viscoso suave 30% algod\u00f3n<\/li>\n<\/ul>\n<h5>Estampado:<\/h5>\n<p>Impreso al alto calor. Permite que puedas plancharlo de manera directa y este no perder\u00e1 su brillo y color.<\/p>\n<h5>Costuras:<\/h5>\n<p>La prenda se confecciona al 100% con hilo de algod\u00f3n. Permite mayor durabilidad al paso del tiempo.<\/p>\n<\/div>\n<h5 style=\"text-align: left;\">Empaque:<\/h5>\n<p style=\"text-align: left;\">Incluye un pr\u00e1ctico morralito, para que puedas llevar tu playera a cualquier lugar.<\/p>\n<h5>Forma de lavado:<\/h5>\n<div>Podr\u00e1s lavarla diariamente y no perder\u00e1 su color o forma.<\/div>\n<div>No usar m\u00e1quina secadora de gas.<\/div>\n<div><\/div>\n<p><strong>Cuidado de tu Elegante\u00a0<a href=\"https:\/\/shop.modaclaus.com\/en\/playeras-para-maestras\/\">Playera para Maestra Polo<\/a>: \ud83c\udf1e\ud83d\udc55<\/strong><\/p>\n<p>\u00a1Queremos que tu nueva playera para maestra luzca impecable siempre! Sigue estos consejos:<\/p>\n<ol>\n<li><strong>Secado al Aire Libre:<\/strong>\u00a0Despu\u00e9s de lavarla, deja que tu playera se seque naturalmente al aire libre. Esto prolongar\u00e1 la vida de las fibras y mantendr\u00e1 la frescura de la prenda.<\/li>\n<li><strong>Voltea la Playera:<\/strong>\u00a0Al tenderla, aseg\u00farate de voltear la playera. As\u00ed, la luz del sol no impactar\u00e1 directamente en el estampado, manteniendo la intensidad de los colores por m\u00e1s tiempo.<\/li>\n<\/ol>\n<p>Con estos simples pasos, \u00a1tu playera estar\u00e1 lista para destacar con estilo en cada ocasi\u00f3n! \ud83c\udf08\u2728\u00a0<strong>\u00a1Gracias por elegir Claus!<\/strong><\/p>","protected":false},"excerpt":{"rendered":"<h4 style=\"text-align: left;\">Playeras para Maestras de Preescolar<br \/>\nTipo: Polo<br \/>\nModelo: Jirafa<\/h4>\n<p>Cod. PD0123<br \/>\nTallas: Chica hasta 4XL<br \/>\n(Molde talla &#8220;Mujer latina&#8221;)<\/p>\n<div style=\"text-align: left;\">Descubre un mundo encantador con nuestras <a href=\"https:\/\/shop.modaclaus.com\/en\/playeras-para-maestras\/\">playeras para maestras de preescolar<\/a>, donde peque\u00f1os dinosaurios juguetones exploran un exuberante bosque tropical. En este escenario de ensue\u00f1o, ba\u00f1ado en tonos pasteles del d\u00eda, la diversi\u00f3n cobra vida. Los dinos, entre hojas gigantescas y \u00e1rboles imponentes, se sumergen en el juego con rompecabezas y bloques, mientras un adorable Dino Rex da patadas a un coco, llev\u00e1ndolo de un lado a otro en una aventura inacabable.<\/div>\n<div style=\"text-align: left;\">\n<p>Esta playera, especialmente dise\u00f1ada para maestras de preescolar, es una invitaci\u00f3n a un viaje imaginativo que cautivar\u00e1 a tus peque\u00f1os alumnos. La fascinaci\u00f3n infantil por los dinosaurios se ve reflejada en cada detalle, convirtiendo esta prenda en un im\u00e1n para las miradas y sonrisas en el aula.<\/p>\n<p>Nuestras &#8220;playeras para maestras de preescolar&#8221; no solo enriquecen tu estilo de ense\u00f1anza, sino que tambi\u00e9n aportan un toque de magia y alegr\u00eda a cada d\u00eda en la escuela.<\/p>\n<p><strong>IMPORTANTE<\/strong>: Te recomendamos consultar nuestra <span style=\"color: #ff0000;\"><strong>GU\u00cdA DE TALLAS<\/strong><\/span> antes de realizar tu pedido. Queremos asegurarnos de que tu <a href=\"https:\/\/shop.modaclaus.com\/en\/playeras-para-maestras\/\">playera para maestras de preescolar<\/a> te ofrezca la perfecta combinaci\u00f3n de belleza, comodidad y ajuste ideal, haciendo de cada jornada educativa una experiencia \u00fanica y especial.<\/p>\n<\/div>\n<div>\n<p style=\"text-align: left;\"><span style=\"color: #333300;\"><strong>Altura de la modelo: 1.74 m<br \/>\nTalla: Mediana<br \/>\nCintura: 7<\/strong><\/span><\/p>\n<p style=\"text-align: left;\">\n<\/div>","protected":false},"featured_media":13295,"comment_status":"open","ping_status":"closed","template":"","meta":{"_joinchat":{"message_text":"\u00bfVerdad que es una belleza esta Polo Dino? No lo pienses, consi\u00e9ntete y luce incre\u00edble en tu sal\u00f3n de clases.","message_send":"\u00a1Hola! \ud83d\ude03Me gusta mucho este modelo: {PRODUCT} \u00bfMe puedes apoyar?"}},"product_brand":[],"product_cat":[113,111,112],"product_tag":[],"class_list":{"0":"post-13296","1":"product","2":"type-product","3":"status-publish","4":"has-post-thumbnail","6":"product_cat-playeras","7":"product_cat-educadora","8":"product_cat-maestra","10":"first","11":"instock","12":"taxable","13":"shipping-taxable","14":"purchasable","15":"product-type-variable"},"_links":{"self":[{"href":"https:\/\/shop.modaclaus.com\/en\/wp-json\/wp\/v2\/product\/13296","targetHints":{"allow":["GET"]}}],"collection":[{"href":"https:\/\/shop.modaclaus.com\/en\/wp-json\/wp\/v2\/product"}],"about":[{"href":"https:\/\/shop.modaclaus.com\/en\/wp-json\/wp\/v2\/types\/product"}],"replies":[{"embeddable":true,"href":"https:\/\/shop.modaclaus.com\/en\/wp-json\/wp\/v2\/comments?post=13296"}],"version-history":[{"count":0,"href":"https:\/\/shop.modaclaus.com\/en\/wp-json\/wp\/v2\/product\/13296\/revisions"}],"wp:featuredmedia":[{"embeddable":true,"href":"https:\/\/shop.modaclaus.com\/en\/wp-json\/wp\/v2\/media\/13295"}],"wp:attachment":[{"href":"https:\/\/shop.modaclaus.com\/en\/wp-json\/wp\/v2\/media?parent=13296"}],"wp:term":[{"taxonomy":"product_brand","embeddable":true,"href":"https:\/\/shop.modaclaus.com\/en\/wp-json\/wp\/v2\/product_brand?post=13296"},{"taxonomy":"product_cat","embeddable":true,"href":"https:\/\/shop.modaclaus.com\/en\/wp-json\/wp\/v2\/product_cat?post=13296"},{"taxonomy":"product_tag","embeddable":true,"href":"https:\/\/shop.modaclaus.com\/en\/wp-json\/wp\/v2\/product_tag?post=13296"}],"curies":[{"name":"wp","href":"https:\/\/api.w.org\/{rel}","templated":true}]}}