{"id":13171,"date":"2022-04-13T16:11:45","date_gmt":"2022-04-13T21:11:45","guid":{"rendered":"https:\/\/shop.modaclaus.com\/?post_type=product&#038;p=13171"},"modified":"2023-10-20T19:33:35","modified_gmt":"2023-10-21T01:33:35","slug":"bata-blue-shine-bs1227","status":"publish","type":"product","link":"https:\/\/shop.modaclaus.com\/en\/bata\/bata-blue-shine-bs1227\/","title":{"rendered":"Bata Blue Shine BS1227"},"content":{"rendered":"<ul>\n<li style=\"text-align: left;\">Talla: Unitalla.<\/li>\n<li style=\"text-align: left;\">Tirante: 2 tirantes que llevan integrados 2 botones para que puedas ajustar la altura de tu bata.<\/li>\n<li style=\"text-align: left;\">Color: Azul turquesa, verde lim\u00f3n y rosa fiusha.<\/li>\n<li style=\"text-align: left;\">Incluye: Empaque individual | Morralito.<\/li>\n<li style=\"text-align: left;\">Cintas: 4 Jaretas (Cintas) Que permiten que la prenda se ajuste perfecto a tu cintura.<\/li>\n<li style=\"text-align: left;\">Bolsas:<br \/>\n1 Bolsa exterior amplia (doble carta)<br \/>\n1 Bolsa interior para celular con tapa.<br \/>\n1 Bolsa interior con tapa, para llaves o monedas.<\/li>\n<li style=\"text-align: left;\">Bot\u00f3n de seguridad.\u00a0 Nada se escapa de tu bolsa o bien, ninguna manita podr\u00e1 entrar f\u00e1cilmente sin que te des cuenta.<\/li>\n<\/ul>\n<p><strong>Nota:\u00a0<\/strong><\/p>\n<ul>\n<li><strong>Todos los modelos que fabricamos, est\u00e1n dise\u00f1ados con un largo de cuerpo, que permite a la prenda llegar a 5 cm antes del inicio de la rodilla.<\/strong><\/li>\n<li><strong>Se ajust\u00f3 a una altura promedio de mujeres mexicanas, que es entre 1.50 y 1.65 m de altura.<\/strong><\/li>\n<\/ul>\n<p><strong><em>(Si t\u00fa tienes la dicha de medir m\u00e1s de 1.65 m y deseas que la prenda llegue 5 cm antes de tu rodilla, es necesario nos contactes para fabricarte la prenda a con una medida m\u00e1s larga).<\/em><\/strong><\/p>","protected":false},"excerpt":{"rendered":"<h4 style=\"text-align: left;\"><strong>Cod.BS1227<\/strong><br \/>\n<strong>Unitalla<\/strong><\/h4>\n<p style=\"text-align: left;\"><b>Un bello anochecer lleno de estrellas, hacer resaltar a 5 vocales en varias formas y colores. Todos iniciamos pronunciando de la A,\u00a0 a la U. Sin duda, este dise\u00f1o motivar\u00e1 a tus ni\u00f1os y ni\u00f1as, a ense\u00f1arte que ya saben cu\u00e1l es la forma de cada vocal y claro, su pronunciaci\u00f3n.<\/b><\/p>\n<p style=\"text-align: left;\"><strong>Un discreto estampado que hace armon\u00eda con los colores que lleva esta bella bata para maestra.<\/strong><br \/>\nEl azul turquesa dar\u00e1 volumen a esa noche estrellada, junto con el verde lim\u00f3n y rosa fiusha.<\/p>\n<p style=\"text-align: left;\"><strong>Altura de la modelo: 1.70 m<\/strong><\/p>\n<p style=\"text-align: left;\"><strong>Esta prenda la puedes adquirir:<\/strong><br \/>\n<strong>-Pagando a meses sin intereses (desde 6 hasta 12)<\/strong><br \/>\n<strong>-Pagando en 5 quincenas con tu cr\u00e9dito ZIP.<\/strong><\/p>","protected":false},"featured_media":13146,"comment_status":"open","ping_status":"closed","template":"","meta":{"_joinchat":[]},"product_brand":[],"product_cat":[109,127,111,125,112],"product_tag":[],"class_list":{"0":"post-13171","1":"product","2":"type-product","3":"status-publish","4":"has-post-thumbnail","6":"product_cat-bata","7":"product_cat-color-combinado","8":"product_cat-educadora","9":"product_cat-estampada","10":"product_cat-maestra","12":"first","13":"outofstock","14":"taxable","15":"shipping-taxable","16":"purchasable","17":"product-type-simple"},"_links":{"self":[{"href":"https:\/\/shop.modaclaus.com\/en\/wp-json\/wp\/v2\/product\/13171","targetHints":{"allow":["GET"]}}],"collection":[{"href":"https:\/\/shop.modaclaus.com\/en\/wp-json\/wp\/v2\/product"}],"about":[{"href":"https:\/\/shop.modaclaus.com\/en\/wp-json\/wp\/v2\/types\/product"}],"replies":[{"embeddable":true,"href":"https:\/\/shop.modaclaus.com\/en\/wp-json\/wp\/v2\/comments?post=13171"}],"version-history":[{"count":0,"href":"https:\/\/shop.modaclaus.com\/en\/wp-json\/wp\/v2\/product\/13171\/revisions"}],"wp:featuredmedia":[{"embeddable":true,"href":"https:\/\/shop.modaclaus.com\/en\/wp-json\/wp\/v2\/media\/13146"}],"wp:attachment":[{"href":"https:\/\/shop.modaclaus.com\/en\/wp-json\/wp\/v2\/media?parent=13171"}],"wp:term":[{"taxonomy":"product_brand","embeddable":true,"href":"https:\/\/shop.modaclaus.com\/en\/wp-json\/wp\/v2\/product_brand?post=13171"},{"taxonomy":"product_cat","embeddable":true,"href":"https:\/\/shop.modaclaus.com\/en\/wp-json\/wp\/v2\/product_cat?post=13171"},{"taxonomy":"product_tag","embeddable":true,"href":"https:\/\/shop.modaclaus.com\/en\/wp-json\/wp\/v2\/product_tag?post=13171"}],"curies":[{"name":"wp","href":"https:\/\/api.w.org\/{rel}","templated":true}]}}