{"id":22871,"date":"2024-03-05T18:34:15","date_gmt":"2024-03-06T00:34:15","guid":{"rendered":"https:\/\/shop.modaclaus.com\/?page_id=22871"},"modified":"2024-03-05T18:34:17","modified_gmt":"2024-03-06T00:34:17","slug":"cambios-o-devoluciones","status":"publish","type":"page","link":"https:\/\/shop.modaclaus.com\/en\/cambios-o-devoluciones\/","title":{"rendered":"CAMBIOS O DEVOLUCIONES"},"content":{"rendered":"<div data-elementor-type=\"wp-page\" data-elementor-id=\"22871\" class=\"elementor elementor-22871\">\n\t\t\t\t\t\t<section class=\"wd-negative-gap elementor-section elementor-top-section elementor-element elementor-element-70ca0d5c elementor-section-boxed elementor-section-height-default elementor-section-height-default\" data-id=\"70ca0d5c\" data-element_type=\"section\" data-e-type=\"section\">\n\t\t\t\t\t\t<div class=\"elementor-container elementor-column-gap-default\">\n\t\t\t\t\t<div class=\"elementor-column elementor-col-100 elementor-top-column elementor-element elementor-element-22dfec2d\" data-id=\"22dfec2d\" data-element_type=\"column\" data-e-type=\"column\">\n\t\t\t<div class=\"elementor-widget-wrap elementor-element-populated\">\n\t\t\t\t\t\t<div class=\"elementor-element elementor-element-4fa35dee wd-width-100 elementor-widget elementor-widget-wd_title\" data-id=\"4fa35dee\" data-element_type=\"widget\" data-e-type=\"widget\" data-widget_type=\"wd_title.default\">\n\t\t\t\t<div class=\"elementor-widget-container\">\n\t\t\t\t\t\t\t<div class=\"title-wrapper wd-set-mb reset-last-child wd-title-color-primary wd-title-style-underlined-2 wd-title-size-default text-left\">\n\n\t\t\t\t\t\t\t\t\t\t\t<div class=\"title-subtitle subtitle-color-primary subtitle-style-default wd-fontsize-xs\">\n\t\t\t\t\tCAMBIOS O DEVOLUCIONES\t\t\t\t<\/div>\n\t\t\t\n\t\t\t<div class=\"liner-continer\">\n\t\t\t\t<h4 class=\"woodmart-title-container title wd-fontsize-l\">Solicita Tu Cambio o Devoluci\u00f3n: Estamos para Ayudarte<\/h4> \n\t\t\t\t\t\t\t<\/div>\n\n\t\t\t\t\t\t\t<div class=\"title-after_title reset-last-child wd-fontsize-xs\">\n\t\t\t\t\t<p><br \/><br \/>En Claus, tu <strong>satisfacci\u00f3n<\/strong> es nuestra prioridad. Entendemos que a veces lo que elegimos no es exactamente lo que esper\u00e1bamos una vez que lo tenemos en nuestras manos. Sin embargo, creemos en la <strong>transparencia<\/strong> y queremos asegurarnos de que cada aspecto de tu experiencia sea claro desde el inicio.<\/p><p><strong>CAMBIO: C\u00f3mo y Cu\u00e1ndo<\/strong><\/p><p>\u00bfTu prenda no es la talla correcta o simplemente no era lo que esperabas? Aqu\u00ed te explicamos c\u00f3mo proceder:<\/p><ul><li><strong>Tiempo para Actuar:<\/strong> Tienes <strong>72 horas<\/strong> despu\u00e9s de la entrega del paquete para iniciar el proceso de cambio. FedEx nos informa sobre las entregas, as\u00ed que estamos al tanto de tu ventana de tiempo.<\/li><li><strong>Inicia el Proceso:<\/strong> Comun\u00edcate con nosotros v\u00eda <strong>WhatsApp<\/strong> o env\u00edanos un correo a <strong>ventasweb@modaclaus.com<\/strong>. Expl\u00edcanos detalladamente por qu\u00e9 deseas hacer el cambio y evaluaremos tu solicitud.<\/li><li><strong>Sin Costos Adicionales:<\/strong> Si tu cambio es aprobado, te enviaremos una gu\u00eda de FedEx para que puedas devolvernos la prenda sin costo alguno. Aseg\u00farate de que la prenda est\u00e9 en perfecto estado y bien empacada.<\/li><li><strong>Criterios de Aceptaci\u00f3n:<\/strong> Para que tu cambio sea procesado, la prenda no debe estar rasgada, manchada, con costuras desgarradas, olores de perfume o sudor, ni rastros de maquillaje.<\/li><\/ul><p><strong>Excepci\u00f3n Importante: Prendas OUTLET<\/strong><\/p><p>Es vital mencionar que <strong>no aplican cambios ni devoluciones en prendas OUTLET<\/strong>. Estas prendas, ofrecidas a precios reducidos, son ventas finales.<\/p><p><strong>DEVOLUCI\u00d3N: Tu Derecho, Nuestro Compromiso<\/strong><\/p><p>Si decides que no deseas quedarte con tu compra por cualquier motivo, estamos aqu\u00ed para apoyarte:<\/p><ul><li><strong>Mismo Proceso, Mismo Plazo:<\/strong> Al igual que con los cambios, tienes <strong>72 horas<\/strong> desde que recibes tu paquete para solicitar una devoluci\u00f3n, siguiendo los mismos pasos mencionados anteriormente.<\/li><li><strong>Reembolso Garantizado:<\/strong> Una vez que la prenda regresa a nosotros y confirmamos que cumple con los criterios de aceptaci\u00f3n, nos pondremos en contacto contigo para proceder con el reembolso a tu cuenta bancaria.<\/li><\/ul><p><strong>Nuestro Compromiso con Tu Experiencia y Calidad<\/strong><\/p><p>En Claus, creemos firmemente en la <strong>calidad<\/strong> de nuestras prendas y en brindarte una <strong>experiencia de compra excepcional<\/strong>. Entendemos que la flexibilidad en cambios y devoluciones es parte de esa experiencia, exceptuando las prendas OUTLET, para las cuales buscamos tu comprensi\u00f3n. Nos esforzamos por garantizar que cada paso del proceso sea <strong>claro, justo y f\u00e1cil<\/strong> para ti.<\/p><p>Recuerda, estamos aqu\u00ed para ayudarte a encontrar la prenda perfecta. En Claus, m\u00e1s que clientes, buscamos construir <strong>relaciones de confianza y satisfacci\u00f3n a largo plazo<\/strong>.<\/p><p>Para cualquier duda o consulta adicional, no dudes en contactarnos. Tu <strong>felicidad y confianza<\/strong> son el coraz\u00f3n de Claus.<\/p>\t\t\t\t<\/div>\n\t\t\t\t\t<\/div>\n\t\t\t\t\t\t<\/div>\n\t\t\t\t<\/div>\n\t\t\t\t\t<\/div>\n\t\t<\/div>\n\t\t\t\t\t<\/div>\n\t\t<\/section>\n\t\t\t\t<\/div>","protected":false},"excerpt":{"rendered":"<p>CAMBIOS O DEVOLUCIONES Solicita Tu Cambio o Devoluci\u00f3n: Estamos para Ayudarte En Claus, tu satisfacci\u00f3n es nuestra prioridad. Entendemos que<\/p>","protected":false},"author":1,"featured_media":22167,"parent":0,"menu_order":0,"comment_status":"closed","ping_status":"closed","template":"","meta":{"_joinchat":[],"footnotes":""},"class_list":["post-22871","page","type-page","status-publish","has-post-thumbnail","hentry"],"_links":{"self":[{"href":"https:\/\/shop.modaclaus.com\/en\/wp-json\/wp\/v2\/pages\/22871","targetHints":{"allow":["GET"]}}],"collection":[{"href":"https:\/\/shop.modaclaus.com\/en\/wp-json\/wp\/v2\/pages"}],"about":[{"href":"https:\/\/shop.modaclaus.com\/en\/wp-json\/wp\/v2\/types\/page"}],"author":[{"embeddable":true,"href":"https:\/\/shop.modaclaus.com\/en\/wp-json\/wp\/v2\/users\/1"}],"replies":[{"embeddable":true,"href":"https:\/\/shop.modaclaus.com\/en\/wp-json\/wp\/v2\/comments?post=22871"}],"version-history":[{"count":0,"href":"https:\/\/shop.modaclaus.com\/en\/wp-json\/wp\/v2\/pages\/22871\/revisions"}],"wp:featuredmedia":[{"embeddable":true,"href":"https:\/\/shop.modaclaus.com\/en\/wp-json\/wp\/v2\/media\/22167"}],"wp:attachment":[{"href":"https:\/\/shop.modaclaus.com\/en\/wp-json\/wp\/v2\/media?parent=22871"}],"curies":[{"name":"wp","href":"https:\/\/api.w.org\/{rel}","templated":true}]}}